{"id":3394,"date":"2023-03-10T11:13:17","date_gmt":"2023-03-10T10:13:17","guid":{"rendered":"https:\/\/www.le-corbier.com\/je-deviens-proprietaire-informations-utiles-et-pratiques-a-savoir\/"},"modified":"2026-02-19T13:30:41","modified_gmt":"2026-02-19T12:30:41","slug":"je-deviens-proprietaire-informations-utiles-et-pratiques-a-savoir","status":"publish","type":"page","link":"https:\/\/preprod.teaminfo.le-corbier.com\/nl\/je-deviens-proprietaire-informations-utiles-et-pratiques-a-savoir\/","title":{"rendered":"Eigenaar worden"},"content":{"rendered":"<div class=\"GutAccordions  GutContainer\">\n        <div class=\"GutAccordions-inner\">\n                                        <div class=\"GutAccordions-list\">\n                                            <div class=\"GutAccordions-item __accordion-parent\">\n                                                            <h2 class=\"GutAccordions-title __accordion-link\">\n                                    WAT MOET IK DOEN ALS NIEUWE EIGEN\n                                <\/h2>\n                                                                                        <div class=\"GutAccordions-text Content __accordion-content\">\n                                    <p style=\"text-align: center;\">VBen je een (nieuwe) huiseigenaar en wil je graag je gemeubileerde woning verhuren? Vraagt u zich af hoe dit werkt? Zo ja, dan vindt u hier wat informatie om u op weg te helpen.<br \/>\nU kunt ook de offici\u00eble website van de Franse overheid bezoeken\u00a0<a href=\"https:\/\/www.service-public.fr\/particuliers\/vosdroits\/F2043\" target=\"_blank\" rel=\"noopener\">door HIER te klikken<\/a>.<\/p>\n<p>Om je te helpen bij dit proces heeft het SIVAV (Syndicat Intercommunal de la Vall\u00e9e de l&#8217;Arvan et des Villards) een gids gepubliceerd met de titel &#8220;Le petit dico du &#8220;proprio&#8221;&#8221;, waarin je de voordelen van de classificatie als gemeubileerde toeristische accommodatie vindt, maar vooral een belangrijk punt over je wettelijke en fiscale verplichtingen.<\/p>\n<p style=\"text-align: center;\">Download de gids :<\/p>\n<p style=\"text-align: center;\"><a href=\"https:\/\/preprod.teaminfo.le-corbier.com\/content\/uploads\/2023\/07\/Brochure_dico_proprio_SIVAV-web-V2023.pdf\" target=\"_blank\" rel=\"noopener\">Brochure_dico_proprio_SIVAV-web V2023<\/a><\/p>\n<p>&nbsp;<\/p>\n\n                                <\/div>\n                                                    <\/div>\n                                            <div class=\"GutAccordions-item __accordion-parent\">\n                                                            <h2 class=\"GutAccordions-title __accordion-link\">\n                                    UW WETTELIJKE VERPLICHTINGEN\n                                <\/h2>\n                                                                                        <div class=\"GutAccordions-text Content __accordion-content\">\n                                    <ul>\n<li style=\"text-align: center;\">Aangifte op het gemeentehuis: Doe je aangifte met het Cerfa-formulier nr. 14004*04 &#8220;Aangifte op het gemeentehuis van gemeubileerde woonverblijven&#8221;. (art. L.342-1-1 en D.324-1-1 van het Wetboek van Toerisme). En stuur hen uw classificatiebewijs per e-mail naar accueil@mairie-villarembert.fr of naar Mairie de Villarembert &#8211; Chef lieu &#8211; 73300 VILLAREMBERT.<br \/>\nAangifte bij het Office de Formalit\u00e9 des Entreprises (INPI): wanneer je je activiteit als niet-professionele gemeubileerde verhuurder start, moet je je activiteit aangeven bij het INPI (sinds 1 januari 2023). Om dit te doen, moet u de nodige stappen ondernemen op de website hieronder downloaden om een SIRET-nummer te verkrijgen, dat overeenkomt met de registratie van uw bedrijf.Downloaden :<\/li>\n<\/ul>\n<p style=\"text-align: center;\"><a href=\"https:\/\/www.villarembert-le-corbier.fr\/demarches\/declaration-de-meuble-de-tourisme\/\" target=\"_blank\" rel=\"noopener\">Aangifte van gemeubileerde vakantieverblijven bij het gemeentehuis<\/a><br \/>\n<a href=\"https:\/\/www.impots.gouv.fr\/particulier\/questions\/si-je-mets-en-location-un-meuble-dois-je-minscrire-au-greffe-du-tribunal-de\" target=\"_blank\" rel=\"noopener\">Verklaring van begin van activiteit &#8211; Zelfstandige natuurlijke persoon <\/a><\/p>\n\n                                <\/div>\n                                                    <\/div>\n                                            <div class=\"GutAccordions-item __accordion-parent\">\n                                                            <h2 class=\"GutAccordions-title __accordion-link\">\n                                    UW BELASTINGVERPLICHTINGEN\n                                <\/h2>\n                                                                                        <div class=\"GutAccordions-text Content __accordion-content\">\n                                    <p style=\"text-align: center;\">Je bent verplicht om de huurinkomsten die je ontvangt uit je gemeubileerde verhuurbedrijf aan te geven.<\/p>\n<p style=\"text-align: center;\">Er zijn 2 belastingregimes: micro BIC of vereenvoudigde echte winst.<\/p>\n<p style=\"text-align: center;\"><strong>Hulp nodig bij het kiezen van je belastingstelsel?<\/strong><\/p>\n<p style=\"text-align: center;\">We raden je aan contact op te nemen met Jo\u00ebl Ollinet van Cerfrance des Savoie (een boekhoud- en adviesbureau) per telefoon op 0033 479 28 33 33 of per e-mail op contact@73.cerfrance.fr.<\/p>\n<p style=\"text-align: center;\">Het Office du Tourisme, het gemeentehuis van Villarembert en het Maison des propri\u00e9taires in La Toussuire bieden tijdens het seizoen regelmatig gratis ontmoetingen of gesprekken aan met een adviseur van Cerfrance. Raadpleeg de data\u00a0door HIER te klikken<\/p>\n<p>&nbsp;<\/p>\n\n                                <\/div>\n                                                    <\/div>\n                                            <div class=\"GutAccordions-item __accordion-parent\">\n                                                            <h2 class=\"GutAccordions-title __accordion-link\">\n                                    TERUGBOEKING VAN TOERISTENBELASTING\n                                <\/h2>\n                                                                                        <div class=\"GutAccordions-text Content __accordion-content\">\n                                    <p style=\"text-align: center;\"><img decoding=\"async\" class=\"alignnone wp-image-1758 \" src=\"https:\/\/preprod.teaminfo.le-corbier.com\/content\/uploads\/2023\/04\/Logo-Le-Corbier-Villarembert-QUADRI-1024x772.png\" alt=\"\" width=\"113\" height=\"85\" srcset=\"https:\/\/preprod.teaminfo.le-corbier.com\/content\/uploads\/2023\/04\/Logo-Le-Corbier-Villarembert-QUADRI-1024x772.png 1024w, https:\/\/preprod.teaminfo.le-corbier.com\/content\/uploads\/2023\/04\/Logo-Le-Corbier-Villarembert-QUADRI-300x226.png 300w, https:\/\/preprod.teaminfo.le-corbier.com\/content\/uploads\/2023\/04\/Logo-Le-Corbier-Villarembert-QUADRI-768x579.png 768w, https:\/\/preprod.teaminfo.le-corbier.com\/content\/uploads\/2023\/04\/Logo-Le-Corbier-Villarembert-QUADRI.png 1181w\" sizes=\"(max-width: 113px) 100vw, 113px\" \/><\/p>\n<p style=\"text-align: center;\">De toeristenbelasting is bedoeld voor de ontwikkeling en promotie van het toerisme in de badplaats. Als verhuurder is het jouw taak om de belasting van je huurders te innen en aan het gemeentehuis te betalen.<\/p>\n<p style=\"text-align: center;\">De belasting wordt het hele jaar door ge\u00efnd, zelfs buiten het toeristische seizoen. Je kunt het per week, maand of seizoen aangeven, met een deadline van 30 juni voor het winterseizoen en 31 december voor het zomerseizoen. Je kunt online of op papier aangifte doen.<\/p>\n<p style=\"text-align: center;\">Neem voor meer informatie contact op met de afdeling toeristenbelasting op 06 73 71 98 27 of per e-mail op servicetaxedesejour@mairie-villarembert.fr of ga naar <a href=\"https:\/\/taxedesejour.ofeaweb.fr\/ts\/villarembertlecorbier\" target=\"_blank\" rel=\"noopener\">hun website<\/a><\/p>\n<p style=\"text-align: center;\">Pelke dinsdag en donderdag van 10.00 tot 12.00 uur in de eigenaarsruimte van het toeristenbureau. Aarzel niet om haar te ontmoeten. \ud83d\ude42<\/p>\n\n                                <\/div>\n                                                    <\/div>\n                                            <div class=\"GutAccordions-item __accordion-parent\">\n                                                            <h2 class=\"GutAccordions-title __accordion-link\">\n                                    EEN WELKOMSTBOEKJE OPSTELLEN VOOR HAAR HUURDERS\n                                <\/h2>\n                                                                                        <div class=\"GutAccordions-text Content __accordion-content\">\n                                    <p style=\"text-align: center;\">Waarom een welkomstboekje maken?<br \/>\nOm het verblijf van je gasten zo aangenaam mogelijk te maken, is het belangrijk om een welkomstboekje te maken met alle informatie die ze nodig hebben om van hun verblijf te genieten. Dit boekje is een verplicht criterium voor het verkrijgen van de classificatie van meubl\u00e9s de tourisme en het Label Qualit\u00e9 H\u00e9bergement Corbier. Naast details over je accommodatie moet je boekje ook informatie bevatten over bezienswaardigheden in en rond het resort. Hierdoor zal de huurder bij aankomst minder vragen hebben: waar is het dichtstbijzijnde restaurant? Wat ga ik in het resort doen tijdens mijn verblijf? Hoe werkt de magnetron? Huurders hoeven geen contact met je op te nemen om vragen te stellen &#8211; alle antwoorden staan in het boekje.<\/p>\n<p style=\"text-align: center;\">Hieronder vind je onze gids om je te helpen bij het samenstellen van je welkomstboekje, evenals de praktische documenten die je erin moet opnemen!<\/p>\n<p style=\"text-align: center;\">Download de gids :<\/p>\n<p style=\"text-align: center;\"><a href=\"https:\/\/preprod.teaminfo.le-corbier.com\/content\/uploads\/2023\/03\/mettre-en-place-son-livret-d-accueil-pour-ses-locataires-1554.pdf\" target=\"_blank\" rel=\"noopener\">Een welkomstboekje voor huurders opstellen <\/a><\/p>\n<p style=\"text-align: center;\"><a href=\"https:\/\/preprod.teaminfo.le-corbier.com\/content\/uploads\/2025\/12\/Venir-en-Maurienne_FR_Version02du31102024.pdf\" target=\"_blank\" rel=\"noopener\">AFFICHE_Venir en Maurienne<\/a>\u00a0\/\u00a0<a title=\"AFFICHE_tri des d\u00e9chets SIRTOM\" href=\"https:\/\/preprod.teaminfo.le-corbier.com\/content\/uploads\/2023\/12\/AFFICHE-TRI-SELECTIF.pdf\" target=\"_blank\" rel=\"noopener\">AFFICHE_tri des d\u00e9chets SIRTOM<\/a>\u00a0\/\u00a0<a href=\"https:\/\/preprod.teaminfo.le-corbier.com\/content\/uploads\/2025\/12\/Affiche-QrCode-INFOS-UTILES.pdf\" target=\"_blank\" rel=\"noopener\">AFFICHE_liste des documentations\u00a0<\/a>\/\u00a0<a href=\"https:\/\/preprod.teaminfo.le-corbier.com\/content\/uploads\/2025\/12\/Numeros-durgences-HIVER-FR-ANG-HOLL_Vdec-2025.pdf\" target=\"_blank\" rel=\"noopener\">AFFICHE_Num\u00e9ros d\u2019urgences<\/a>\u00a0\/\u00a0<a href=\"https:\/\/grc.le-corbier.com\/s?u=documentation\/T\/PLANETE|FR||\" target=\"_blank\" rel=\"noopener\">PLAN DU CORBIER ETE<\/a>\u00a0\/\u00a0<a href=\"https:\/\/grc.le-corbier.com\/medias\/documents\/documentation\/documentation-PLANSTATION-FR.pdf\" target=\"_blank\" rel=\"noopener\">PLAN STATION LE CORBIER HIVER<\/a>\/\u00a0<a href=\"https:\/\/preprod.teaminfo.le-corbier.com\/content\/uploads\/2023\/03\/WIFI-GRATUIT-STATION.pdf\" target=\"_blank\" rel=\"noopener\">AFFICHE_Wifi gratuit station<\/a><\/p>\n<p>&nbsp;<\/p>\n<p style=\"text-align: center;\"><a href=\"https:\/\/docs.google.com\/forms\/d\/e\/1FAIpQLSf9QlaoQAEexQjd6xaLqgVimJRWs97-5AATONRFQE8oQw6-9w\/viewform\" target=\"_blank\" rel=\"noopener\">Mod\u00e8le de questionnaire de satisfaction fin de s\u00e9jour locataire<\/a><\/p>\n\n                                <\/div>\n                                                    <\/div>\n                                            <div class=\"GutAccordions-item __accordion-parent\">\n                                                            <h2 class=\"GutAccordions-title __accordion-link\">\n                                    TIPS VOOR HET SCHRIJVEN VAN EEN GOEDE HUURADVERTENTIE\n                                <\/h2>\n                                                                                        <div class=\"GutAccordions-text Content __accordion-content\">\n                                    <p style=\"text-align: center;\">De huuradvertentie is erg belangrijk om vakantiegangers aan te trekken en boekingen voor je gemeubileerde accommodatie te optimaliseren.<br \/>\n1 \/ Een pakkende advertentietitel<br \/>\n2 \/ Een duidelijke, gedetailleerde beschrijving<br \/>\n3\/ Uw sterke punten benadrukken<br \/>\n4\/ Pas uw advertentie aan het seizoen aan<br \/>\nIn het document dat u kunt downloaden, vindt u een aantal tips voor een complete, aantrekkelijke advertentie die is aangepast aan elk seizoen.<\/p>\n<p style=\"text-align: center;\">Download het document HIER:\u00a0<a href=\"https:\/\/preprod.teaminfo.le-corbier.com\/content\/uploads\/2023\/04\/ASTUCES-POUR-REDIGER-SON-ANNONCE-DE-LOCATION.pdf\" target=\"_blank\" rel=\"noopener\">TIPS VOOR HET SCHRIJVEN VAN UW HUURADVERTENTIE<\/a><\/p>\n\n                                <\/div>\n                                                    <\/div>\n                                            <div class=\"GutAccordions-item __accordion-parent\">\n                                                            <h2 class=\"GutAccordions-title __accordion-link\">\n                                    DE JUISTE FOTOGRAFISCHE TECHNIEKEN OM UW GEMEUBILEERDE ACCOMMODATIE ONDER DE AANDACHT TE BRENGEN\n                                <\/h2>\n                                                                                        <div class=\"GutAccordions-text Content __accordion-content\">\n                                    <p style=\"text-align: center;\">Zoals je weet, zijn de foto&#8217;s van accommodaties in huuradvertenties cruciaal voor klanten wanneer ze op zoek zijn naar een vakantiewoning!<br \/>\n95% van de mensen die een huuradvertentie bekijken, besteden ongeveer 20 seconden aan de 1e foto en 40% van hen denkt dat hun keuze meer wordt be\u00efnvloed door de foto&#8217;s dan door de beschrijving of de huurprijs. Sommigen kijken zelfs niet eens naar de prijs als de 1e foto hen niet bevalt, dus om geen potenti\u00eble huurders te verliezen is het essentieel om goede foto&#8217;s te maken.<br \/>\nIn het document dat je hieronder kunt downloaden, vind je een aantal tips voor succesvolle foto&#8217;s.<\/p>\n<p style=\"text-align: center;\"><a href=\"https:\/\/preprod.teaminfo.le-corbier.com\/content\/uploads\/2023\/04\/LES-BONNES-TECHNIQUES-PHOTOGRAPHIQUES-POUR-METTRE-EN-AVANT-SON-MEUBLE.pdf\" target=\"_blank\" rel=\"noopener\">DE JUISTE FOTOGRAFISCHE TECHNIEKEN OM UW GEMEUBILEERDE ACCOMMODATIE ONDER DE AANDACHT TE BRENGEN<\/a><\/p>\n\n                                <\/div>\n                                                    <\/div>\n                                    <\/div>\n                    <\/div>\n    <\/div>\n\n\n<div class=\"GutText BgColor GutContainer-full\">\n        <div class=\"GutText-inner\">\n            <div class=\"GutTitle Center\">\n                                    <span class=\"GutTitle-subtitle\">Retrouvez d&#039;autres\u00a0informations pratiques\u00a0en t\u00e9l\u00e9chargement ci-dessous<\/span>\n            <\/div>\n                                        <div class=\"GutText-wysiwyg Content\">\n                    <p style=\"text-align: center;\"><a href=\"https:\/\/preprod.teaminfo.le-corbier.com\/content\/uploads\/2023\/03\/EXEMPLE-DE-CONDITIONS-GENERALES-DE-VENTE.doc\" target=\"_blank\" rel=\"noopener\">Exemple de conditions g\u00e9n\u00e9rales de location<\/a><\/p>\n<p style=\"text-align: center;\"><a href=\"https:\/\/preprod.teaminfo.le-corbier.com\/content\/uploads\/2023\/03\/courrier-prefecture-sur-la-loi-hoguet-et-remise-des-cles.pdf\" target=\"_blank\" rel=\"noopener\">Information Pr\u00e9fectorale Remise de cl\u00e9s<\/a><\/p>\n<p style=\"text-align: center;\"><a href=\"https:\/\/preprod.teaminfo.le-corbier.com\/content\/uploads\/2023\/03\/2025-2026-calendrier-scolaire-gouv.fr_.pdf\" target=\"_blank\" rel=\"noopener\">2025-2026_Calendrier scolaire<\/a><\/p>\n\n                <\/div>\n                    <\/div>\n    <\/div>\n","protected":false},"excerpt":{"rendered":"","protected":false},"author":2,"featured_media":0,"parent":0,"menu_order":0,"comment_status":"closed","ping_status":"closed","template":"","meta":{"_acf_changed":false,"footnotes":""},"class_list":["post-3394","page","type-page","status-publish","hentry"],"acf":[],"_links":{"self":[{"href":"https:\/\/preprod.teaminfo.le-corbier.com\/nl\/wp-json\/wp\/v2\/pages\/3394","targetHints":{"allow":["GET"]}}],"collection":[{"href":"https:\/\/preprod.teaminfo.le-corbier.com\/nl\/wp-json\/wp\/v2\/pages"}],"about":[{"href":"https:\/\/preprod.teaminfo.le-corbier.com\/nl\/wp-json\/wp\/v2\/types\/page"}],"author":[{"embeddable":true,"href":"https:\/\/preprod.teaminfo.le-corbier.com\/nl\/wp-json\/wp\/v2\/users\/2"}],"replies":[{"embeddable":true,"href":"https:\/\/preprod.teaminfo.le-corbier.com\/nl\/wp-json\/wp\/v2\/comments?post=3394"}],"version-history":[{"count":11,"href":"https:\/\/preprod.teaminfo.le-corbier.com\/nl\/wp-json\/wp\/v2\/pages\/3394\/revisions"}],"predecessor-version":[{"id":16113,"href":"https:\/\/preprod.teaminfo.le-corbier.com\/nl\/wp-json\/wp\/v2\/pages\/3394\/revisions\/16113"}],"wp:attachment":[{"href":"https:\/\/preprod.teaminfo.le-corbier.com\/nl\/wp-json\/wp\/v2\/media?parent=3394"}],"curies":[{"name":"wp","href":"https:\/\/api.w.org\/{rel}","templated":true}]}}