{"id":2737,"date":"2023-02-16T11:37:36","date_gmt":"2023-02-16T10:37:36","guid":{"rendered":"https:\/\/www.le-corbier.com\/?page_id=2737"},"modified":"2025-09-08T16:00:47","modified_gmt":"2025-09-08T14:00:47","slug":"skigebied-en-skipassen","status":"publish","type":"page","link":"https:\/\/preprod.teaminfo.le-corbier.com\/nl\/skien-en-snowboarden\/skigebied-en-skipassen\/","title":{"rendered":"Skigebied en skipassen"},"content":{"rendered":"<div class=\"GutCol2  GutContainer\">\n        <div class=\"GutCol2-container\">\n\n            <div class=\"GutTitle Center\">\n                                    <span class=\"GutTitle-subtitle\">LE CORBIER, TOEGANGSPOORT TOT LES SYBELLES\u00ae, 4E GROOTSTE SKIGEBIED IN FRANKRIJK<\/span>\n            <\/div>\n\n                                                                                                                                        <div class=\"GutCol2-wrap GutCol2-blocImage Left\">\n                                    <picture class=\"GutCol2-picture\">\n                                        <img decoding=\"async\" src=\"https:\/\/preprod.teaminfo.le-corbier.com\/content\/uploads\/2023\/05\/\u00a9CorbierTourisme_H22-23_Ski-famille-79-588x588.jpg\"\n                                             alt=\"\u00a9CorbierTourisme_H22-23_Ski famille (79)\" \/>\n                                    <\/picture>\n                                                                    <\/div>\n                                                                                                                                                    <div class=\"GutCol2-wrap GutCol2-blocTexte Right\">\n                                <div class=\"GutCol2-blocTexte--inner\">\n                                                                            <div class=\"GutTitle Left\">\n                    <span class=\"GutTitle-surtitle\">Of je nu een pro bent of een beginner,<\/span>\n                            <h2 class=\"GutTitle-title\">er is een ski voor iedereen in Les Sybelles\u00ae.<\/h2>\n                    <\/div>\n                                                                                                                <div class=\"GutCol2-intro\">Het skigebied van Le Corbier, in de Alpen, is een van de 6 stations in het Les Sybelles\u00ae skigebied, het 4e grootste in Frankrijk en het 7e grootste in Europa. Met 310 km pistes voor alle niveaus, verschillende fungebieden, een snowpark, een themaspel, een freeridezone&#8230; Les Sybelles\u00ae belooft fantastische afdalingen in de zon, met onvergelijkbare uitzichten op de mythische Aiguilles d&#8217;Arves, de Belledonne, de Vanoise, de Ecrins en het Lauzi\u00e8re-massief. <\/div>\n                                                                                                                <div class=\"GutCol2-text Content\">\n                                            <p><span data-sheets-value=\"{&quot;1&quot;:2,&quot;2&quot;:&quot;4h, journ\u00e9e, semaine, famille, pi\u00e9tons, \u00e9tudiants... Il y a un forfait Sybelles\u00ae adapt\u00e9 aux envies et aux besoins de chacun. Achetez votre forfait en ligne ou dans l'un des deux points de vente du Corbier, dans le centre station et au d\u00e9part du t\u00e9l\u00e9si\u00e8ge La Voie Lact\u00e9e. Le 4e domaine skiable reli\u00e9 de France offre aux adeptes de glisse un grand nombre d'offres pour profiter au maximum de ses 310km de pistes selon son niveau, au coeur des Alpes. Et, en exclusivit\u00e9 web, Les Sybelles\u00ae proposent le forfait journ\u00e9e \u00e0 25\u20ac, soit jusqu'\u00e0 50% de remise sur le tarif journ\u00e9e* ! \\nJe r\u00e9serve mon forfait \\n*voir conditions&quot;}\" data-sheets-userformat=\"{&quot;2&quot;:2819,&quot;3&quot;:{&quot;1&quot;:0},&quot;4&quot;:{&quot;1&quot;:2,&quot;2&quot;:10066329},&quot;11&quot;:4,&quot;12&quot;:0,&quot;14&quot;:{&quot;1&quot;:2,&quot;2&quot;:0}}\" data-sheets-textstyleruns=\"{&quot;1&quot;:0}\uee10{&quot;1&quot;:255,&quot;2&quot;:{&quot;6&quot;:1}}\uee10{&quot;1&quot;:271}\">Skipas 4u, dag, week, familie, voetgangers, studenten&#8230; Er is een <a href=\"https:\/\/www.sybelles.ski\/nl\/\" target=\"_blank\" rel=\"noopener\">Sybelles\u00ae<\/a>-tarief voor iedereen. Koop je skipas online of bij een van de twee verkooppunten in Le Corbier, in het centrum van het skioord en aan het begin van de stoeltjeslift La Voie Lact\u00e9e. Het 4e grootste aaneengesloten skigebied van Frankrijk biedt wintersporters een breed scala aan mogelijkheden om optimaal te genieten van de 310 km aan pistes, voor alle niveaus, in het hart van de Alpen.\u00a0<\/span><\/p>\n\n                                        <\/div>\n                                                                    <\/div>\n                            <\/div>\n                                                                <\/div>\n    <\/div>\n\n\n<div class=\"GutAccordions  GutContainer\">\n        <div class=\"GutAccordions-inner\">\n                                        <div class=\"GutAccordions-list\">\n                                            <div class=\"GutAccordions-item __accordion-parent\">\n                                                            <h2 class=\"GutAccordions-title __accordion-link\">\n                                    Dag ski\u00ebn \n                                <\/h2>\n                                                                                        <div class=\"GutAccordions-text Content __accordion-content\">\n                                    <p class=\"GutIntroduction\">Voor occasionele ski\u00ebrs of diegenen die tijdens hun wintersportvakantie naar hartenlust willen genieten van de pistes, maak gebruik van de Sybelles\u00ae skipas !<\/p>\n<h5 class=\"GutIntroduction\" style=\"text-align: center;\">Hele dag: \u20ac 59.30<\/h5>\n<p class=\"GutIntroduction\">Als je alleen wilt ski\u00ebn in het skioord waar je woont, hebben we een speciale pas voor jou. In ons skigebied heb je toegang tot de skigebieden van Corbier en Saint-Jean d&#8217;Arves.<\/p>\n<h5 class=\"GutIntroduction\" style=\"text-align: center;\">4h : \u20ac 43.60<br \/>\nHele dag:\u00a0\u20ac 49.20<\/h5>\n\n                                <\/div>\n                                                    <\/div>\n                                            <div class=\"GutAccordions-item __accordion-parent\">\n                                                            <h2 class=\"GutAccordions-title __accordion-link\">\n                                    Als je de hele week skiet, alleen of met je gezin\n                                <\/h2>\n                                                                                        <div class=\"GutAccordions-text Content __accordion-content\">\n                                    <p class=\"GutIntroduction\">Als je tijdens je skivakantie een van die mensen bent die de ski&#8217;s of het snowboard aantrekt zodra de pistes opengaan en dat elke dag van je vakantie, dan hebben wij het pakket voor jou.<\/p>\n<h5 class=\"GutIntroduction\" style=\"text-align: center;\">6 dagen: \u20ac301.20<br \/>\n7 dagen: \u20ac331.10<br \/>\n8 dagen: \u20ac363.00<\/h5>\n<p class=\"GutIntroduction\">Goed om te weten: als je meer dan 8 dagen skiet, is de extra dag \u20ac28,20, dat is meer dan 50% korting op de prijs van een dag ski\u00ebn!<\/p>\n<p class=\"GutIntroduction\">Er is ook een speciale aanbieding voor gezinnen die 6 of meer dagen ski\u00ebn. Deze pas, de Sybelles Tribu, is voor gezinnen bestaande uit 2 volwassenen en 2 kinderen (van 5 tot 17 jaar)<\/p>\n<h5 class=\"GutIntroduction\" style=\"text-align: center;\">6 dagen: \u20ac1,049.40<br \/>\n7 dagen: \u20ac 1,156.60<br \/>\n8 dagen: \u20ac 1,271.60<\/h5>\n\n                                <\/div>\n                                                    <\/div>\n                                            <div class=\"GutAccordions-item __accordion-parent\">\n                                                            <h2 class=\"GutAccordions-title __accordion-link\">\n                                    Speciale aanbiedingen: zaterdagen voor \u20ac29 en studentenprijzen\n                                <\/h2>\n                                                                                        <div class=\"GutAccordions-text Content __accordion-content\">\n                                    <p>De must bij Les Sybelles is zaterdag voor \u20ac29. Met deze web exclusive profiteer je van een dagpas met meer dan 50% korting. Bestel je pas online v\u00f3\u00f3r middernacht op de woensdag voor de zaterdag van je bezoek, op de website Sybelles.ski.<\/p>\n<p>&nbsp;<\/p>\n<p style=\"text-align: center;\"><a class=\"Button-primary\" href=\"https:\/\/www.sybelles.ski\/\" target=\"_blank\" rel=\"noopener\">IK PROFITEER VAN HET AANBOD<\/a><\/p>\n<p>&nbsp;<\/p>\n<p>Ben je student? Laat je geldige studentenkaart zien en krijg 20% korting op alle dagkaarten en 6-daagse skipassen.<\/p>\n<p>&nbsp;<\/p>\n\n                                <\/div>\n                                                    <\/div>\n                                            <div class=\"GutAccordions-item __accordion-parent\">\n                                                            <h2 class=\"GutAccordions-title __accordion-link\">\n                                    Voor beginners\n                                <\/h2>\n                                                                                        <div class=\"GutAccordions-text Content __accordion-content\">\n                                    <p class=\"GutIntroduction\">De skipas Front de neige is speciaal ontworpen voor beginners en biedt een voordelige skipas met aangepaste toegang voor beginnende ski\u00ebrs. Toegang tot de skilift Espace des Etoiles en het grote tapijt (de kleine is gratis) en de skilift Baby Ba\u00efko, naast de stoeltjeslift Sybelles Express.<\/p>\n<h5>4h : 17.60\u20ac<br \/>\nHele dag: \u20ac19.50<\/h5>\n\n                                <\/div>\n                                                    <\/div>\n                                            <div class=\"GutAccordions-item __accordion-parent\">\n                                                            <h2 class=\"GutAccordions-title __accordion-link\">\n                                    En als je niet skiet? \n                                <\/h2>\n                                                                                        <div class=\"GutAccordions-text Content __accordion-content\">\n                                    <p class=\"GutIntroduction\">De skiliften en bergtoppen van het skioord zijn niet alleen voor ski\u00ebrs en snowboarders. Ga de hoogte in met de stoeltjesliften Sybelles Express en Voie Lact\u00e9e en geniet van het uitzicht tijdens een wandeling of sneeuwschoenwandeling over de <a href=\"https:\/\/preprod.teaminfo.le-corbier.com\/en\/activite\/walk-at-the-top-of-a-mountain-ridge-le-corbier\/\">bergkammen<\/a>, vanaf het terras van een bergrestaurant of vanaf een van de picknickplaatsen op de hoogten van het skioord.<\/p>\n<h5>Retourticket: \u20ac 12.90<\/h5>\n\n                                <\/div>\n                                                    <\/div>\n                                            <div class=\"GutAccordions-item __accordion-parent\">\n                                                            <h2 class=\"GutAccordions-title __accordion-link\">\n                                    Onder de 4 en boven de 75, een tarief? \n                                <\/h2>\n                                                                                        <div class=\"GutAccordions-text Content __accordion-content\">\n                                    <p class=\"GutIntroduction\">Voor 4 jaar en vanaf 75 jaar zijn skipassen GRATIS! Je skipas is gratis op vertoon van een bewijs van leeftijd.<\/p>\n\n                                <\/div>\n                                                    <\/div>\n                                    <\/div>\n                    <\/div>\n    <\/div>\n\n\n<div class=\"Iframe  GutContainer\">\n        <div class=\"GutTitle Center\">\n                            <h2 class=\"GutTitle-title\">PISTEKAART<\/h2>\n                    <\/div>\n        <iframe class=\"Iframe-content\" src=\"https:\/\/lumiplay.link\/interactive-map\/les-sybelles\/fr\" frameborder=\"0\"><\/iframe>\n    <\/div>\n\n\n<div class=\"GutPushArticles  GutContainer\">\n        <div class=\"GutPushArticles-container\">\n            <div class=\"GutTitle Left\">\n                            <h2 class=\"GutTitle-title\">Zie ook<\/h2>\n                    <\/div>\n            <div class=\"GutPushArticles-inner \">\n                                    <div class=\"GutPushArticles-container \" >\n                        <div class=\"GutPushArticles-list \">\n                                                            <div class=\"GutPushArticles-wrap \">\n                                                                            <picture class=\"GutPushArticles-picture\">\n                                            <img decoding=\"async\" src=\"https:\/\/preprod.teaminfo.le-corbier.com\/content\/uploads\/2023\/05\/\u00a9CorbierTourisme_H22-23_Station-23-371x248.jpg\"\n                                                 alt=\"\u00a9CorbierTourisme_H22-23_Station (23)\" \/>\n                                        <\/picture>\n                                                                        <div class=\"GutPushArticles-content\">\n                                                                                                                                                                    <a class=\"Link\" href=\"https:\/\/preprod.teaminfo.le-corbier.com\/webcams\/\">Webcams<\/a>\n                                                                            <\/div>\n                                <\/div>\n                                                            <div class=\"GutPushArticles-wrap \">\n                                                                            <picture class=\"GutPushArticles-picture\">\n                                            <img decoding=\"async\" src=\"https:\/\/preprod.teaminfo.le-corbier.com\/content\/uploads\/2023\/06\/\u00a9CorbierTourisme_H2122_Damage-1-371x248.jpg\"\n                                                 alt=\"\u00a9CorbierTourisme_H2122_Damage (1)\" \/>\n                                        <\/picture>\n                                                                        <div class=\"GutPushArticles-content\">\n                                                                                                                                                                    <a class=\"Link\" href=\"https:\/\/preprod.teaminfo.le-corbier.com\/infos-pistes-et-enneigement\/\">Skipistes info<\/a>\n                                                                            <\/div>\n                                <\/div>\n                                                            <div class=\"GutPushArticles-wrap \">\n                                                                            <picture class=\"GutPushArticles-picture\">\n                                            <img decoding=\"async\" src=\"https:\/\/preprod.teaminfo.le-corbier.com\/content\/uploads\/2023\/06\/\u00a9CorbierTourisme_H2122_Station-1-371x248.jpg\"\n                                                 alt=\"\u00a9CorbierTourisme_H2122_Station (1)\" \/>\n                                        <\/picture>\n                                                                        <div class=\"GutPushArticles-content\">\n                                                                                                                                                                    <a class=\"Link\" href=\"https:\/\/preprod.teaminfo.le-corbier.com\/meteo\/\">Weer<\/a>\n                                                                            <\/div>\n                                <\/div>\n                                                    <\/div>\n                                            <\/div>\n                                                <\/div>\n                    <\/div>\n    <\/div>\n\n\n<div class=\"GutText  GutContainer\">\n        <div class=\"GutText-inner\">\n                                                    <div class=\"GutText-wysiwyg Content\">\n                    <h6><span style=\"color: #008080;\"><em>Getoonde prijzen: volwassenenpakketten met stand. Ondersteuning: \u20ac1,50 extra per skipas. Meer informatie en algemene verkoopvoorwaarden op Sybelles.ski<br \/>\nKinderen van 5 tot en met 11 jaar, junioren van 12 tot en met 17 jaar, vermeil 65 tot en met 74 jaar. Extra dag (max 14 dagen) bij de eerste aankoop.<br \/>\nSybelles Tribu &amp; Tribu: Pakketten met dezelfde geldigheidsdata op vertoon van een bewijs van leeftijd. Slechts 1 betaling aanvaard..<\/em> <\/span><\/h6>\n\n                <\/div>\n                    <\/div>\n    <\/div>\n","protected":false},"excerpt":{"rendered":"","protected":false},"author":2,"featured_media":0,"parent":2719,"menu_order":0,"comment_status":"closed","ping_status":"closed","template":"","meta":{"_acf_changed":false,"footnotes":""},"class_list":["post-2737","page","type-page","status-publish","hentry"],"acf":[],"_links":{"self":[{"href":"https:\/\/preprod.teaminfo.le-corbier.com\/nl\/wp-json\/wp\/v2\/pages\/2737","targetHints":{"allow":["GET"]}}],"collection":[{"href":"https:\/\/preprod.teaminfo.le-corbier.com\/nl\/wp-json\/wp\/v2\/pages"}],"about":[{"href":"https:\/\/preprod.teaminfo.le-corbier.com\/nl\/wp-json\/wp\/v2\/types\/page"}],"author":[{"embeddable":true,"href":"https:\/\/preprod.teaminfo.le-corbier.com\/nl\/wp-json\/wp\/v2\/users\/2"}],"replies":[{"embeddable":true,"href":"https:\/\/preprod.teaminfo.le-corbier.com\/nl\/wp-json\/wp\/v2\/comments?post=2737"}],"version-history":[{"count":25,"href":"https:\/\/preprod.teaminfo.le-corbier.com\/nl\/wp-json\/wp\/v2\/pages\/2737\/revisions"}],"predecessor-version":[{"id":14889,"href":"https:\/\/preprod.teaminfo.le-corbier.com\/nl\/wp-json\/wp\/v2\/pages\/2737\/revisions\/14889"}],"up":[{"embeddable":true,"href":"https:\/\/preprod.teaminfo.le-corbier.com\/nl\/wp-json\/wp\/v2\/pages\/2719"}],"wp:attachment":[{"href":"https:\/\/preprod.teaminfo.le-corbier.com\/nl\/wp-json\/wp\/v2\/media?parent=2737"}],"curies":[{"name":"wp","href":"https:\/\/api.w.org\/{rel}","templated":true}]}}