{"id":2431,"date":"2023-05-19T14:23:05","date_gmt":"2023-05-19T12:23:05","guid":{"rendered":"https:\/\/www.le-corbier.com\/?page_id=2431"},"modified":"2025-02-10T11:05:35","modified_gmt":"2025-02-10T10:05:35","slug":"aangepast-toerisme","status":"publish","type":"page","link":"https:\/\/preprod.teaminfo.le-corbier.com\/nl\/stationsgids\/aangepast-toerisme\/","title":{"rendered":"Aangepast toerisme"},"content":{"rendered":"<div class=\"GutText  GutContainer\">\n        <div class=\"GutText-inner\">\n            <div class=\"GutTitle Center\">\n                    <span class=\"GutTitle-surtitle\">Le Corbier, het 100% serene skioord<\/span>\n                            <\/div>\n                            <div class=\"GutText-intro Center\">In Le Corbier, in de Savoie, staan de tevredenheid en sereniteit van iedereen centraal. Daarom doet het skigebied Alpen er alles aan om mensen met een handicap de best mogelijke service te bieden. Aangepast vervoer, ingerichte appartementen bij onze accommodatieverschaffers, handiski, centrale lift, enz. De teams van het Bureau voor Toerisme hebben alle praktische informatie gebundeld in een gids voor het onthaal van gehandicapten. <\/div>\n                                <\/div>\n    <\/div>\n\n\n<div class=\"GutAccordions  GutContainer\">\n        <div class=\"GutAccordions-inner\">\n                                        <div class=\"GutAccordions-list\">\n                                            <div class=\"GutAccordions-item __accordion-parent\">\n                                                            <h2 class=\"GutAccordions-title __accordion-link\">\n                                    Vervoer en toegankelijkheid\n                                <\/h2>\n                                                                                        <div class=\"GutAccordions-text Content __accordion-content\">\n                                    <h5>HOE ER TE KOMEN<\/h5>\n<ul>\n<li><strong>Pendeldienst Saint-Jean-de-Maurienne &#8211; Le Corbier<\/strong><\/li>\n<\/ul>\n<p>Regelmatige dienst. Van 16 december 2023 tot 13 april 2024. Moet 48 uur van tevoren worden geboekt. Informeer de busmaatschappij bij uw reservering over uw handicap, zodat er een aangepast voertuig beschikbaar is. Regelmatige dienstregelingen en tarieven beschikbaar op <a href=\"https:\/\/www.fauresavoie.fr\/\" target=\"_blank\" rel=\"noopener\">www.fauresavoie.fr<\/a> of <a href=\"https:\/\/www.cars-region-savoie.fr\/\" target=\"_blank\" rel=\"noopener\">www.cars-region-savoie.fr<\/a><\/p>\n<p>Boek online en profiteer van lage tarieven.<\/p>\n<ul>\n<li><strong>Interne pendeldienst Le Corbier &#8211; Navette rouge<\/strong><\/li>\n<\/ul>\n<p>Gratis pendeldienst binnen het resort. Dagelijks van 16 december 2023 tot 12 april 2024. Dienstregeling beschikbaar bij het Office du Tourisme of hier downloaden.<\/p>\n<p>De chauffeur klapt een pallet uit die toegang geeft tot de bus. Elke shuttle heeft twee gereserveerde plaatsen voor rolstoelen. Een begeleider is vereist omdat de hoogte van de grond varieert afhankelijk van de sneeuwhoogte.<\/p>\n<p>Volg de aankomst van de bus live met de <a href=\"https:\/\/www.cars-region-savoie.fr\/\" target=\"_blank\" rel=\"noopener\">Zenbus<\/a> app!<\/p>\n<ul>\n<li><strong>Pendelbus Le Corbier &#8211; La Toussuire &#8211; Gele pendelbus<\/strong><\/li>\n<\/ul>\n<p>Gratis pendeldienst tussen Le Corbier en La Toussuire. Rijdt elke dag van 16 december 2023 tot 12 april 2024 behalve op zaterdag. In Le Corbier, vertrek vanaf parkeerplaats P5 naast de manege. Rijdt elke 30 minuten. Dienstregeling beschikbaar bij het Office du Tourisme of hier downloaden.<\/p>\n<p>Een opklapbaar pallet dat toegang biedt tot de bus wordt door de chauffeur uitgeklapt. Elke shuttle heeft een ruimte gereserveerd voor rolstoelen. Een begeleider is vereist omdat de hoogte van de grond varieert afhankelijk van de diepte van de sneeuw.<\/p>\n<ul>\n<li><strong>Taxi&#8217;s &#8211; Ambulances ROUX<\/strong><\/li>\n<\/ul>\n<p>Roux taxi&#8217;s\/ambulances zijn gevestigd in Saint-Jean-de-Maurienne (15 km van Le Corbier). Ambulance van het type ASSU, uitgerust met oprijplaten voor elektrische rolstoelen. Opgeleid personeel.<\/p>\n<p>Tarieven op aanvraag. 7 dagen per week beschikbaar.<\/p>\n<p>Informatie en reserveringen per e-mail of telefonisch op +33 (0)4 79 83 01 92<\/p>\n<p>&nbsp;<\/p>\n<h5>PARKEREN<\/h5>\n<p>Parkeren kan alleen aan de kant van de vallei.<br \/>\nDe GIG-GIC badge moet op de voorruit worden aangebracht.<\/p>\n<ul>\n<li><strong>Parkeerplaats P1: Lunik &#8211; Orion &amp; residentie Go\u00e9lia &#8211; Les Terrasses du Corbier<\/strong><br \/>\n2 gereserveerde plaatsen en een oprit voor het gebouw. GPS co\u00f6rdinaten: 45.238211, 6.272303.<\/li>\n<li><strong>Parkeergarage P2: P\u00e9gase &#8211; Ph\u00e9nix<\/strong><br \/>\n2 gereserveerde plaatsen voor de residentie &#8220;Etoile des Neiges&#8221; en een oprit. GPS co\u00f6rdinaten: 45.238923, 6.271963.<br \/>\n2 gereserveerde parkeerplaatsen voor de tweede ingang naast de garages. GPS co\u00f6rdinaten: 45.238934, 6.271167.<\/li>\n<li><strong>Parkeergarage P3: Soyuz &#8211; Vanguard<\/strong><br \/>\n2 gereserveerde plaatsen maar geen toegang tot het gebouw. GPS co\u00f6rdinaten: 45.238943, 6.271560.<\/li>\n<li><strong>Parkeergarage P4: Vostok &#8211; Zodiaque<\/strong><br \/>\n2 gereserveerde plaatsen en een oprit voor het gebouw. GPS co\u00f6rdinaten: 45.239085, 6.270452.<\/li>\n<li><strong>Parkeerplaats P5: Alta\u00efr &#8211; Agena &#8211; Apollo &#8211; Antar\u00e8s<\/strong><br \/>\n1 parkeerplaats gereserveerd voor mensen met een handicap. GPS co\u00f6rdinaten: 45.239094, 6.269725.<\/li>\n<li><strong>Parkeerplaats P6: Ba\u00efkonour &#8211; Ariane<\/strong><br \/>\n1 plaats rechts van de vuilcontainers. GPS co\u00f6rdinaten: 45.241692, 6.267302<br \/>\n1 plaats net voor de ingang van het Ba\u00efkonour gebouw. GPS co\u00f6rdinaten: 45.241319, 6.267529.<\/li>\n<li><strong>Parkeergarage P6: Cosmos<\/strong><br \/>\n2 plaatsen gereserveerd voor mensen met een handicap. GPS co\u00f6rdinaten: 45.241808, 6.266894<\/li>\n<\/ul>\n<h5>TOEGANKELIJKHEID<\/h5>\n<p>Er is een lift in de buurt van de Salle Atlas, op parkeerplaats P5. Deze is beschikbaar voor mensen met een handicap. De lift biedt toegang tot de overdekte galerij en het stationscentrum.<\/p>\n\n                                <\/div>\n                                                    <\/div>\n                                            <div class=\"GutAccordions-item __accordion-parent\">\n                                                            <h2 class=\"GutAccordions-title __accordion-link\">\n                                    Accommodatie\n                                <\/h2>\n                                                                                        <div class=\"GutAccordions-text Content __accordion-content\">\n                                    <h5>TOERISTISCHE VERBLIJVEN<\/h5>\n<ul>\n<li><strong>R\u00e9sidence Go\u00e9lia &#8211; Les Alpages du Corbier****<\/strong><\/li>\n<\/ul>\n<p>De residentie beschikt over 10 appartementen die zijn uitgerust voor mensen met beperkte mobiliteit:<br \/>\n&#8211; 9 tweekamerappartementen, voor 4 personen<br \/>\nEen helling biedt gemakkelijke toegang tot de residentie. Het zwembad heeft een trap (pedicle).<br \/>\nGelegen aan de voet van het resort &#8211; Parkeerplaats P1<br \/>\nGPS co\u00f6rdinaten: 45.238333, 6.272157<\/p>\n<ul>\n<li><strong>R\u00e9sidence Go\u00e9lia &#8211; Les Terrasses du Corbier**** (R\u00e9sidence Go\u00e9lia &#8211; Les Terrasses du Corbier***)<\/strong><\/li>\n<\/ul>\n<p>De residentie beschikt over 6 studio&#8217;s voor 4 personen, uitgerust voor personen met beperkte mobiliteit:<br \/>\nStapelbed in de alkoof en onderschuifbed in de woonkamer<br \/>\nBadkamers met steungrepen naast het bad en aangepaste toiletten<br \/>\nRuime woonkamers voor rolstoelgebruikers<br \/>\nStudio&#8217;s toegankelijk met lift van verdieping 4 tot 9<br \/>\nVerlaagde receptie. Toegankelijk zwembad en sauna.<br \/>\n4 gereserveerde parkeerplaatsen.<br \/>\nGPS co\u00f6rdinaten: 45.238990783691406, 6.269679546356201<\/p>\n<p>Reserveringscentrale: +33 (0)1 60 76 59 00<br \/>\n<a href=\"https:\/\/www.goelia.com\/en\/\" target=\"_blank\" rel=\"noopener\">www.goelia.com<\/a> | info.le-corbier@goelia.com<\/p>\n<ul>\n<li><strong>MMV L&#8217;\u00c9toile des Sybelles residentie ****<\/strong><\/li>\n<\/ul>\n<p>De residentie heeft 2 volledig ingerichte appartementen voor 6 personen, met 2 slaapkamers.<br \/>\nDe appartementen zijn ruim en toegankelijk voor rolstoelgebruikers.<br \/>\nZe hebben volledig uitgeruste badkamers (rolstoeltoegankelijk, douchestoel, nis onder de wastafel, inloopdouche en steunstang in de wc).<br \/>\nEr zijn 2 parkeerplaatsen gereserveerd om de toegang tot de woning te vergemakkelijken. Er is een lift.<br \/>\nEen bankreceptie is een verlaagde receptie.<br \/>\nHet zwembad is uitgerust met een zitje PMR. De ontspanningsruimte, met sauna en stoombad, is ook toegankelijk voor personen met beperkte mobiliteit.<br \/>\nGPS co\u00f6rdinaten: 45.242008, 6.266403<\/p>\n<p>Reserveringscentrale: +33 (0)4 92 12 65 30 \/ +33 (0)4 79 05 58 00<br \/>\n<a href=\"https:\/\/www.mmv-holidays.co.uk\/en\" target=\"_blank\" rel=\"noopener\">www.mmv.fr<\/a> | centralederesa@mmv.fr<\/p>\n<h5>MAKELAARS<\/h5>\n<p><a href=\"https:\/\/preprod.teaminfo.le-corbier.com\/en\/commerce-et-service\/mountain-collection-le-corbier-le-corbier\/\">Mountain Collection Le Corbier<\/a> (voorheen Corbier Immobilier) bevindt zich in het Atlas-gebouw, parkeerplaats P5.<br \/>\nHet biedt een appartement dat is uitgerust voor mensen met beperkte mobiliteit.<br \/>\nHet appartement bevindt zich op de 12e verdieping van het Ba\u00efkonour-gebouw, parkeerplaats P6.<br \/>\nHet heeft een steunbalk naast het bad en de WC.<\/p>\n<p>Bergcollectie Le Corbier<br \/>\n+33 (0)4 79 83 00 87<br \/>\n<a href=\"https:\/\/www.lecorbier-immobilier.com\/en\" target=\"_blank\" rel=\"noopener\">Website <\/a>| info@lecorbier.immo<\/p>\n\n                                <\/div>\n                                                    <\/div>\n                                            <div class=\"GutAccordions-item __accordion-parent\">\n                                                            <h2 class=\"GutAccordions-title __accordion-link\">\n                                    Uit eten\n                                <\/h2>\n                                                                                        <div class=\"GutAccordions-text Content __accordion-content\">\n                                    <h5>TOEGANKELIJKE RESTAURANTS<\/h5>\n<ul>\n<li><a href=\"https:\/\/preprod.teaminfo.le-corbier.com\/en\/restauration\/les-roches-blanches-le-corbier\/\"><strong>Restaurant Les Roches Blanches<\/strong><\/a><\/li>\n<\/ul>\n<p>Traditioneel restaurant, brasserie, pizzeria, bar. Het restaurant bevindt zich in het Galaxiegebouw.<br \/>\nHet is toegankelijk via de lift in de Atlaszaal, gelegen in parkeergarage P5. Sla linksaf het winkelcentrum in.<br \/>\nDe toiletten zijn toegankelijk en aangepast voor mensen met beperkte mobiliteit.<\/p>\n<p>Tel. +33 (0)4 79 56 75 14<\/p>\n<ul>\n<li><a href=\"https:\/\/preprod.teaminfo.le-corbier.com\/en\/restauration\/le-saint-moritz-le-corbier\/\"><strong>Le Saint Moritz<\/strong><\/a><\/li>\n<\/ul>\n<p>Traditioneel restaurant en bar. Het restaurant bevindt zich in het V\u00e9ga-gebouw.<br \/>\nHet is bereikbaar via parkeerplaats P4, bij de ingang van het Vostok &#8211; Zodiaque-gebouw. Als je de galerij binnenkomt, sla je linksaf.<br \/>\nDe toiletten zijn toegankelijk omdat ze zich op de begane grond bevinden, maar zijn niet aangepast voor rolstoelgebruikers.<\/p>\n<p>Tel. +33 (0)4 79 83 01 99<\/p>\n<p>&nbsp;<\/p>\n<h5>TOEGANG TOT RESTAURANTS<\/h5>\n<p>&nbsp;<\/p>\n<table class=\"tftable\" border=\"1\">\n<tbody>\n<tr>\n<th>\n<h6>Restaurants in het resort<\/h6>\n<\/th>\n<th>\n<h6>Toegang via terrassen<\/h6>\n<\/th>\n<th>\n<h6>Geschikt voor PRM<\/h6>\n<\/th>\n<\/tr>\n<tr>\n<td><a href=\"https:\/\/preprod.teaminfo.le-corbier.com\/en\/restauration\/la-bouille-le-corbier\/\">La Bouille<\/a> &#8211; Residentie <em>C\u00e9r\u00e8s<\/em><\/td>\n<td style=\"text-align: center;\">\n<h6>x<\/h6>\n<\/td>\n<td style=\"text-align: center;\">\n<h6>\u2713<\/h6>\n<\/td>\n<\/tr>\n<tr>\n<td>Le Plan B &#8211; Residentie <em>Cosmos<\/em><\/td>\n<td style=\"text-align: center;\">\n<h6>x<\/h6>\n<\/td>\n<td>\n<h6 style=\"text-align: center;\">x<\/h6>\n<\/td>\n<\/tr>\n<tr>\n<td><a href=\"https:\/\/preprod.teaminfo.le-corbier.com\/en\/restauration\/le-yeti-le-corbier\/\">Le Y\u00e9ti<\/a> &#8211; Residentie <em>Atlas<\/em><\/td>\n<td style=\"text-align: center;\">\n<h6>\u2713<\/h6>\n<\/td>\n<td>\n<h6 style=\"text-align: center;\">x<\/h6>\n<\/td>\n<\/tr>\n<tr>\n<td><a href=\"https:\/\/preprod.teaminfo.le-corbier.com\/en\/restauration\/la-picoraille-le-corbier\/\">La Picoraille<\/a> &#8211; <em>Galerie Apollo<\/em><\/td>\n<td>\n<h6 style=\"text-align: center;\">\u2713<\/h6>\n<\/td>\n<td>\n<h6 style=\"text-align: center;\">x<\/h6>\n<\/td>\n<\/tr>\n<tr>\n<td><a href=\"https:\/\/preprod.teaminfo.le-corbier.com\/en\/restauration\/pico-snack-le-corbier\/\">Le Pico Snack<\/a> &#8211; <em>Galerie Apollo<\/em><\/td>\n<td>\n<h6 style=\"text-align: center;\">\u2713<\/h6>\n<\/td>\n<td>\n<h6 style=\"text-align: center;\">x<\/h6>\n<\/td>\n<\/tr>\n<tr>\n<td><a href=\"https:\/\/preprod.teaminfo.le-corbier.com\/en\/restauration\/les-roches-blanches-le-corbier\/\">Les Roches Blanches<\/a> &#8211; Residentie <em>Galaxie\u00a0<\/em><\/td>\n<td>\n<h6 style=\"text-align: center;\">\u2713<\/h6>\n<\/td>\n<td>\n<h6 style=\"text-align: center;\">\u2713<\/h6>\n<\/td>\n<\/tr>\n<tr>\n<td><a href=\"https:\/\/preprod.teaminfo.le-corbier.com\/restauration\/la-fontaine-de-lours-le-corbier\/\">La Fontaine de l&#8217;Ours<\/a> &#8211; <em>Galerie Charvin<\/em><\/td>\n<td>\n<h6 style=\"text-align: center;\">\u2713<\/h6>\n<\/td>\n<td>\n<h6 style=\"text-align: center;\">x<\/h6>\n<\/td>\n<\/tr>\n<tr>\n<td><a href=\"https:\/\/preprod.teaminfo.le-corbier.com\/en\/restauration\/le-wagon-bar-le-corbier\/\">Le Wagon Bar<\/a> &#8211; <em>Galerie Charvin<\/em><\/td>\n<td>\n<h6 style=\"text-align: center;\">x<\/h6>\n<\/td>\n<td>\n<h6 style=\"text-align: center;\">x<\/h6>\n<\/td>\n<\/tr>\n<tr>\n<td><a href=\"https:\/\/preprod.teaminfo.le-corbier.com\/en\/restauration\/igloo-glou-le-corbier\/\">L&#8217;Igloo-Glou<\/a> &#8211; <em>Galerie Charvin<\/em><\/td>\n<td>\n<h6 style=\"text-align: center;\">x<\/h6>\n<\/td>\n<td>\n<h6 style=\"text-align: center;\">x<\/h6>\n<\/td>\n<\/tr>\n<tr>\n<td><a href=\"https:\/\/preprod.teaminfo.le-corbier.com\/en\/restauration\/le-saint-moritz-le-corbier\/\">Le Saint Moritz<\/a> &#8211; Residentie <em>V\u00e9ga<\/em><\/td>\n<td>\n<h6 style=\"text-align: center;\">\u2713<\/h6>\n<\/td>\n<td>\n<h6 style=\"text-align: center;\">x<\/h6>\n<\/td>\n<\/tr>\n<tr>\n<td>Le 1550 &#8211; Residentie <em>V\u00e9ga<\/em><\/td>\n<td>\n<h6 style=\"text-align: center;\">\u2713<\/h6>\n<\/td>\n<td>\n<h6 style=\"text-align: center;\">x<\/h6>\n<\/td>\n<\/tr>\n<\/tbody>\n<\/table>\n<table class=\"tftable\" style=\"height: 303px;\" border=\"1\" width=\"739\">\n<tbody>\n<tr>\n<th>\n<h6>RESTAURANTS OP GROTE HOOGTE<\/h6>\n<\/th>\n<th>\n<h6>Toegang met stoeltjeslift<\/h6>\n<\/th>\n<th>\n<h6>Geschikt voor PRM<\/h6>\n<\/th>\n<\/tr>\n<tr>\n<td><a href=\"https:\/\/preprod.teaminfo.le-corbier.com\/en\/restauration\/le-chalet-2000-le-corbier\/\">Le Chalet 2000<\/a> \u2013 Bereikbaar met stoeltjeslift <em>Sybelles Express<\/em><\/td>\n<td style=\"text-align: center;\">\n<h6>En handiski<\/h6>\n<\/td>\n<td>\n<h6 style=\"text-align: center;\">x<\/h6>\n<\/td>\n<\/tr>\n<tr>\n<td><a href=\"https:\/\/preprod.teaminfo.le-corbier.com\/en\/restauration\/le-coq-de-bruyere-le-corbier\/\">Le Coq de Bruy\u00e8re<\/a> \u2013 Bereikbaar met stoeltjeslift <em>Voie Lact\u00e9e <\/em><\/td>\n<td>\n<h6 style=\"text-align: center;\">En handiski<\/h6>\n<\/td>\n<td>\n<h6 style=\"text-align: center;\">x<\/h6>\n<\/td>\n<\/tr>\n<tr>\n<td><a href=\"https:\/\/preprod.teaminfo.le-corbier.com\/en\/restauration\/buddha-ski-le-corbier\/\">Le Buddha Ski<\/a> \u2013 Gelegen onderaan de stoeltjeslift <em>Mont Corbier<\/em><\/td>\n<td>\n<h6 style=\"text-align: center;\">En handiski<\/h6>\n<\/td>\n<td>\n<h6 style=\"text-align: center;\">x<\/h6>\n<\/td>\n<\/tr>\n<\/tbody>\n<\/table>\n\n                                <\/div>\n                                                    <\/div>\n                                            <div class=\"GutAccordions-item __accordion-parent\">\n                                                            <h2 class=\"GutAccordions-title __accordion-link\">\n                                    Activiteiten\n                                <\/h2>\n                                                                                        <div class=\"GutAccordions-text Content __accordion-content\">\n                                    <h5>SKI<\/h5>\n<ul>\n<li><strong>Skiliften<\/strong><\/li>\n<\/ul>\n<p>Het skigebied is dagelijks geopend van 16 december 2023 tot 12 april 2024. Uitzonderlijke sluitingen afhankelijk van sneeuwcondities en overheidsbesluiten.<\/p>\n<p>Voor mensen met een handicap geldt een korting van 50% op skipassen van 4 uur aaneengesloten, 1 dag, 5 dagen, 6 dagen en 7 dagen op vertoon van een Mobility Inclusion Card (CMI) met de vermelding handicap. Personen met een handicap die een begeleider nodig hebben, krijgen ook 50% korting op dezelfde skipas.<\/p>\n<p>Download de mobiele applicatie <a href=\"https:\/\/www.sybelles.ski\/\" target=\"_blank\" rel=\"noopener\">Sybelles.ski<\/a> en vind je weg op de pistes!<\/p>\n<p>Soci\u00e9t\u00e9 des remont\u00e9es m\u00e9caniques du Corbier &#8211; SATVAC<br \/>\nGalaxie Gebouw<br \/>\n+33 (0)4 79 83 02 55<br \/>\nwww.sybelles.ski | satvac@sybelles.com<\/p>\n<ul>\n<li><strong>ESF &#8211; Franse skischool<\/strong><\/li>\n<\/ul>\n<p>Gespecialiseerde skileraren helpen mensen met beperkte mobiliteit het plezier van ski\u00ebn te ontdekken met aangepast materiaal! Karten (of dual-ski\u00ebn) biedt toegankelijkheid en onafhankelijkheid.<br \/>\nPrijzen: vanaf \u20ac45 afhankelijk van het seizoen.<\/p>\n<p>Reserveer via het boekingsformulier en het formulier &#8220;ski\u00ebr met beperkte mobiliteit&#8221;, per post of e-mail met betaling.<\/p>\n<p>\u00c9cole du Ski Fran\u00e7ais &#8211; ESF<br \/>\nGalaxie-gebouw<br \/>\n+33 (0)4 79 56 75 85<br \/>\n<a href=\"https:\/\/www.ski-school-lecorbier.co.uk\/private-lessons\/glide-for-everyone\/\" target=\"_blank\" rel=\"noopener\">Website<\/a> | contact.esflecorbier@gmail.com<\/p>\n<p>&nbsp;<\/p>\n<h5>WELZIJN<\/h5>\n<ul>\n<li><a href=\"https:\/\/preprod.teaminfo.le-corbier.com\/nl\/equipement\/bioscoop-ariane-le-corbier\/\"><strong>Ariane filmzaal<\/strong><\/a><\/li>\n<\/ul>\n<p>De bioscoop bevindt zich in het Ariane-gebouw.<br \/>\nEr zijn een paar treden naar de bioscoop, dus een begeleider is vereist. Het bioscoopprogramma is te vinden in de galerijen, bij het VVV-kantoor of online.<\/p>\n<p>Ariane-gebouw<br \/>\n+33 (0)4 79 20 39 08 \/ +33 (0)04 79 83 04 04<br \/>\ncinema.ariane.lecorbier@gmail.com<\/p>\n<ul>\n<li><a href=\"https:\/\/preprod.teaminfo.le-corbier.com\/en\/equipement\/heated-outdoor-swimmingpool-le-corbier\/\"><strong>Verwarmd buitenzwembad<\/strong><\/a><\/li>\n<\/ul>\n<p>Aan de kant van de helling is de toegang tot het etablissement via de winkelgalerij, die uit meerdere trappen bestaat. Aan de dalzijde is de toegang via parkeerplaats P5.<br \/>\nEr is een trap met 5 treden om de faciliteit te bereiken. Hiervoor is de hulp van een verzorger nodig. Het zwembad is uitgerust met een lift om het voor mindervaliden gemakkelijker te maken om in het water te komen.<\/p>\n<p>Zwembad Corbier<br \/>\n+33 (0)4 79 83 04 70<br \/>\npiscine.lecorbier@mairie-villarembert.fr<\/p>\n<ul>\n<li><a href=\"https:\/\/preprod.teaminfo.le-corbier.com\/en\/commerce-et-service\/akahuna-massage-naturopathie-le-corbier\/\"><strong>A&#8217;Kahuna Massages<\/strong><\/a><\/li>\n<\/ul>\n<p>Gun jezelf een moment van ontspanning! Een natuurgeneeskundige biedt een scala aan massage- en ondersteuningstechnieken om je te helpen je welzijn in eigen handen te nemen.<br \/>\nToegang tot de praktijk is vanaf de valleizijde, via parkeerplaats P5, bij de transparante piramide. Sla linksaf de galerij in. Tegenover de Coop\u00e9rative.<\/p>\n<p>A&#8217;kahuna massages<br \/>\nTel. +33 (0)7 86 37 87 39<br \/>\nWebsite | info@frederic-blanchet.fr<\/p>\n<ul>\n<li><strong>Fitness- en fitnesszaal<\/strong><\/li>\n<\/ul>\n<p>Kom en geniet van de fitnesszaal uitgerust met Panatta toestellen.<br \/>\nInformatie en kaartjes verkrijgbaar bij de receptie van het zwembad.<\/p>\n<p>Zwembaden van Corbier &#8211; Galerie Charvin<br \/>\n+33 (0)4 79 83 04 70<br \/>\npiscine.lecorbier@mairie-villarembert.fr<\/p>\n<p>&nbsp;<\/p>\n<h5>SPORTACTIVITEITEN<\/h5>\n<ul>\n<li><a href=\"https:\/\/preprod.teaminfo.le-corbier.com\/en\/activite\/snowmobile-rides-le-corbier\/\"><strong>Sneeuwscooter<\/strong><\/a><\/li>\n<\/ul>\n<p>Ontdek het skigebied op een sneeuwscooter. Elke dag van 16 december 2023 tot 12 april 2024, vanaf 17.30 uur (afhankelijk van de sneeuwcondities).<br \/>\nJe kunt rijden of meerijden, afhankelijk van je handicap.<br \/>\nBezoek de Clin d&#8217;\u0152il winkel om te zien of het project haalbaar is. Rijbewijs verplicht.<\/p>\n<p>Winkel Clin d&#8217;\u0152il<br \/>\nApollo-gebouw<br \/>\n+33 (0)6 61 28 86 31<br \/>\ndeleglise.benjamin@neuf.fr<\/p>\n<ul>\n<li><strong>Paragliding<\/strong><\/li>\n<\/ul>\n<p>Paragliding is mogelijk voor mensen die kunnen ski\u00ebn. Elke dag mogelijk, afhankelijk van de weersomstandigheden.<\/p>\n<p>Didier Trochet<br \/>\nTel: +33 (0)6 95 35 84 57 (Lucie)<br \/>\ndidier.trochet@neuf.fr<br \/>\nAeroslide<br \/>\nTel: +33 (0)6 95 35 84 57 (Lucie)<br \/>\ncontact@aeroslide.com | Website<\/p>\n<ul>\n<li><a href=\"https:\/\/preprod.teaminfo.le-corbier.com\/en\/activite\/dog-sledging-le-corbier\/\"><strong>Hondensledetochten<\/strong><\/a><\/li>\n<\/ul>\n<p>Tochten vertrekken vanuit La Toussuire. Toegankelijk voor iedereen, ook voor mensen met beperkte mobiliteit. Begeleider verplicht. Reserveren verplicht.<\/p>\n<p>Witte Woud<br \/>\n+33 (0)6 82 75 99 26<br \/>\nwww.whiteforest.be info@whiteforest.be<\/p>\n\n                                <\/div>\n                                                    <\/div>\n                                    <\/div>\n                    <\/div>\n    <\/div>\n","protected":false},"excerpt":{"rendered":"","protected":false},"author":2,"featured_media":0,"parent":2244,"menu_order":0,"comment_status":"closed","ping_status":"closed","template":"","meta":{"_acf_changed":false,"footnotes":""},"class_list":["post-2431","page","type-page","status-publish","hentry"],"acf":[],"_links":{"self":[{"href":"https:\/\/preprod.teaminfo.le-corbier.com\/nl\/wp-json\/wp\/v2\/pages\/2431","targetHints":{"allow":["GET"]}}],"collection":[{"href":"https:\/\/preprod.teaminfo.le-corbier.com\/nl\/wp-json\/wp\/v2\/pages"}],"about":[{"href":"https:\/\/preprod.teaminfo.le-corbier.com\/nl\/wp-json\/wp\/v2\/types\/page"}],"author":[{"embeddable":true,"href":"https:\/\/preprod.teaminfo.le-corbier.com\/nl\/wp-json\/wp\/v2\/users\/2"}],"replies":[{"embeddable":true,"href":"https:\/\/preprod.teaminfo.le-corbier.com\/nl\/wp-json\/wp\/v2\/comments?post=2431"}],"version-history":[{"count":8,"href":"https:\/\/preprod.teaminfo.le-corbier.com\/nl\/wp-json\/wp\/v2\/pages\/2431\/revisions"}],"predecessor-version":[{"id":9832,"href":"https:\/\/preprod.teaminfo.le-corbier.com\/nl\/wp-json\/wp\/v2\/pages\/2431\/revisions\/9832"}],"up":[{"embeddable":true,"href":"https:\/\/preprod.teaminfo.le-corbier.com\/nl\/wp-json\/wp\/v2\/pages\/2244"}],"wp:attachment":[{"href":"https:\/\/preprod.teaminfo.le-corbier.com\/nl\/wp-json\/wp\/v2\/media?parent=2431"}],"curies":[{"name":"wp","href":"https:\/\/api.w.org\/{rel}","templated":true}]}}