{"id":2735,"date":"2023-02-16T11:37:36","date_gmt":"2023-02-16T10:37:36","guid":{"rendered":"https:\/\/www.le-corbier.com\/?page_id=2735"},"modified":"2025-09-08T15:59:24","modified_gmt":"2025-09-08T13:59:24","slug":"domaine-skiable-et-forfaits-de-ski","status":"publish","type":"page","link":"https:\/\/preprod.teaminfo.le-corbier.com\/en\/skiing-and-snowboarding\/domaine-skiable-et-forfaits-de-ski\/","title":{"rendered":"Ski area and ski passes"},"content":{"rendered":"<div class=\"GutCol2  GutContainer\">\n        <div class=\"GutCol2-container\">\n\n            <div class=\"GutTitle Center\">\n                                    <span class=\"GutTitle-subtitle\">LE CORBIER, GATEWAY TO LES SYBELLES\u00ae, 4TH LARGEST SKI AREA IN FRANCE<\/span>\n            <\/div>\n\n                                                                                                                                        <div class=\"GutCol2-wrap GutCol2-blocImage Left\">\n                                    <picture class=\"GutCol2-picture\">\n                                        <img decoding=\"async\" src=\"https:\/\/preprod.teaminfo.le-corbier.com\/content\/uploads\/2023\/05\/\u00a9CorbierTourisme_H22-23_Ski-famille-79-588x588.jpg\"\n                                             alt=\"\u00a9CorbierTourisme_H22-23_Ski famille (79)\" \/>\n                                    <\/picture>\n                                                                    <\/div>\n                                                                                                                                                    <div class=\"GutCol2-wrap GutCol2-blocTexte Right\">\n                                <div class=\"GutCol2-blocTexte--inner\">\n                                                                            <div class=\"GutTitle Left\">\n                    <span class=\"GutTitle-surtitle\">Whether you&#039;re a pro or a beginner, <\/span>\n                            <h2 class=\"GutTitle-title\">there&#039;s a ski for everyone in Les Sybelles\u00ae.<\/h2>\n                    <\/div>\n                                                                                                                <div class=\"GutCol2-intro\">The ski resort of Le Corbier, in the Alps, is one of 6 resorts in the Les Sybelles\u00ae ski area, the 4th largest in France and the 7th largest in Europe. With 310km of pistes for all levels, several fun areas, a snowpark, a themed game, a freeride zone&#8230; Les Sybelles\u00ae promises great descents in the sunshine, with incomparable views of the mythical Aiguilles d&#8217;Arves, the Belledonne, the Vanoise, the Ecrins and the Lauzi\u00e8re massif. <\/div>\n                                                                                                                <div class=\"GutCol2-text Content\">\n                                            <p class=\"GutIntroduction\"><span data-sheets-value=\"{&quot;1&quot;:2,&quot;2&quot;:&quot;4h, journ\u00e9e, semaine, famille, pi\u00e9tons, \u00e9tudiants... Il y a un forfait Sybelles\u00ae adapt\u00e9 aux envies et aux besoins de chacun. Achetez votre forfait en ligne ou dans l'un des deux points de vente du Corbier, dans le centre station et au d\u00e9part du t\u00e9l\u00e9si\u00e8ge La Voie Lact\u00e9e. Le 4e domaine skiable reli\u00e9 de France offre aux adeptes de glisse un grand nombre d'offres pour profiter au maximum de ses 310km de pistes selon son niveau, au coeur des Alpes. Et, en exclusivit\u00e9 web, Les Sybelles\u00ae proposent le forfait journ\u00e9e \u00e0 25\u20ac, soit jusqu'\u00e0 50% de remise sur le tarif journ\u00e9e* ! \\nJe r\u00e9serve mon forfait \\n*voir conditions&quot;}\" data-sheets-userformat=\"{&quot;2&quot;:2819,&quot;3&quot;:{&quot;1&quot;:0},&quot;4&quot;:{&quot;1&quot;:2,&quot;2&quot;:10066329},&quot;11&quot;:4,&quot;12&quot;:0,&quot;14&quot;:{&quot;1&quot;:2,&quot;2&quot;:0}}\" data-sheets-textstyleruns=\"{&quot;1&quot;:0}\uee10{&quot;1&quot;:255,&quot;2&quot;:{&quot;6&quot;:1}}\uee10{&quot;1&quot;:271}\">Ski pass 4h, day, week, family, pedestrians, students&#8230; There&#8217;s a Sybelles\u00ae rate to suit everyone&#8217;s needs and desires. Buy your ski pass online or at one of the two sales points in Le Corbier, in the resort centre and at the start of the La Voie Lact\u00e9e chairlift. France&#8217;s 4th-largest linked ski area offers winter sports fans a wide range of options to make the most of its 310km of pistes, to suit all abilities, in the heart of the Alps. And, as a web exclusive, Les Sybelles\u00ae is offering a day pass for \u20ac29, <span style=\"color: #008080;\"><strong>up to 50% off the full-day price!<\/strong><\/span><\/span><\/p>\n\n                                        <\/div>\n                                                                    <\/div>\n                            <\/div>\n                                                                <\/div>\n    <\/div>\n\n\n<div class=\"GutAccordions  GutContainer\">\n        <div class=\"GutAccordions-inner\">\n                                        <div class=\"GutAccordions-list\">\n                                            <div class=\"GutAccordions-item __accordion-parent\">\n                                                            <h2 class=\"GutAccordions-title __accordion-link\">\n                                    Day skiing \n                                <\/h2>\n                                                                                        <div class=\"GutAccordions-text Content __accordion-content\">\n                                    <p class=\"GutIntroduction\">For occasional skiers or those who want to enjoy the slopes to their heart&#8217;s content during their winter sports holiday, take advantage of the Sybelles\u00ae ski pass!<\/p>\n<h5 style=\"text-align: center;\">Full day: \u20ac59.30<\/h5>\n<p class=\"GutIntroduction\">If you only want to ski in the resort where you live, we&#8217;ve got a special pass just for you. In our resort, you&#8217;ll have access to both the Corbier and Saint-Jean d&#8217;Arves ski areas.<\/p>\n<h5 style=\"text-align: center;\">4h :\u00a0\u20ac43.60<\/h5>\n<h5 style=\"text-align: center;\">Full day: \u20ac49.20<\/h5>\n<p style=\"text-align: center;\"><a class=\"Button-primary\" href=\"https:\/\/forfait.sybelles.ski\/forfaits-de-ski\/forfait-individuel-4h-14jours\/\" target=\"_blank\" rel=\"noopener\">Buy your pass<\/a><\/p>\n\n                                <\/div>\n                                                    <\/div>\n                                            <div class=\"GutAccordions-item __accordion-parent\">\n                                                            <h2 class=\"GutAccordions-title __accordion-link\">\n                                    If you ski all week, alone or with your family\n                                <\/h2>\n                                                                                        <div class=\"GutAccordions-text Content __accordion-content\">\n                                    <p class=\"GutIntroduction\">If, during your ski holiday, you&#8217;re one of those people who put on their skis or snowboard as soon as the slopes open and every day of your holiday, we&#8217;ve got the package for you.<\/p>\n<h5 style=\"text-align: center;\">6 days: \u20ac301.20<\/h5>\n<h5 style=\"text-align: center;\">7 days: \u20ac331.10<\/h5>\n<h5 style=\"text-align: center;\">8 days: \u20ac363.00<\/h5>\n<p class=\"GutIntroduction\">Good to know: if you ski for more than 8 days, the extra day is \u20ac28.20, i.e. more than 50% off the price of a day&#8217;s skiing!<br \/>\nThere&#8217;s also a special offer for families with 6 or more days&#8217; skiing. This pass, the Sybelles Tribu, is for families made up of 2 adults and 2 children (aged 5 to 17)<\/p>\n<h5 style=\"text-align: center;\">6 days: \u20ac1049.40<\/h5>\n<h5 style=\"text-align: center;\">7 days: \u20ac1156.60<\/h5>\n<h5 style=\"text-align: center;\">8 days: \u20ac1,271.60<\/h5>\n\n                                <\/div>\n                                                    <\/div>\n                                            <div class=\"GutAccordions-item __accordion-parent\">\n                                                            <h2 class=\"GutAccordions-title __accordion-link\">\n                                    Special offers: Saturdays at \u20ac29 and student prices\n                                <\/h2>\n                                                                                        <div class=\"GutAccordions-text Content __accordion-content\">\n                                    <p class=\"GutIntroduction\">The must at Les Sybelles is Saturday for \u20ac29. With this web exclusive, take advantage of the day pass at over 50% off. Order your pass online before midnight on the Wednesday before the Saturday of your visit, on the Sybelles.ski website.<\/p>\n<p>&nbsp;<\/p>\n<p style=\"text-align: center;\"><a class=\"Button-primary\" href=\"https:\/\/www.sybelles.ski\/\" target=\"_blank\" rel=\"noopener\">I WANT TO KNOW MORE<\/a><\/p>\n<p>&nbsp;<\/p>\n<p class=\"GutIntroduction\">Are you a student? Show your valid student card and get a 22% discount on all day and 6-day ski passes.<\/p>\n<p>&nbsp;<\/p>\n\n                                <\/div>\n                                                    <\/div>\n                                            <div class=\"GutAccordions-item __accordion-parent\">\n                                                            <h2 class=\"GutAccordions-title __accordion-link\">\n                                    For beginners\n                                <\/h2>\n                                                                                        <div class=\"GutAccordions-text Content __accordion-content\">\n                                    <p class=\"GutIntroduction\">The Front de neige ski pass has been specially designed for beginners, offering a low-price ski pass with access adapted for first-time skiers. Access to the Espace des Etoiles ski lift and large carpet (the small one is free) and the Baby Ba\u00efko ski lift, next to the Sybelles Express chairlift.<\/p>\n<h5 style=\"text-align: center;\">4h : 17.60\u20ac<\/h5>\n<h5 style=\"text-align: center;\">All day: \u20ac19.50<\/h5>\n\n                                <\/div>\n                                                    <\/div>\n                                            <div class=\"GutAccordions-item __accordion-parent\">\n                                                            <h2 class=\"GutAccordions-title __accordion-link\">\n                                    And when you&#8217;re not skiing? \n                                <\/h2>\n                                                                                        <div class=\"GutAccordions-text Content __accordion-content\">\n                                    <p class=\"GutIntroduction\">The ski lifts and peaks of the resort are not just for skiers and snowboarders. Take to the heights with the Sybelles Express and Voie Lact\u00e9e chairlifts and enjoy the view as you walk or snowshoe over the ridges, from the terrace of a mountain restaurant or from one of the picnic areas on the heights of the resort.<\/p>\n<h5 class=\"GutIntroduction\" style=\"text-align: center;\"><a class=\"Button-primary\" href=\"https:\/\/forfait.sybelles.ski\/en\/skipasses\/pedestrian-pass\/\" target=\"_blank\" rel=\"noopener\">Return ticket: \u20ac12.90<\/a><\/h5>\n\n                                <\/div>\n                                                    <\/div>\n                                            <div class=\"GutAccordions-item __accordion-parent\">\n                                                            <h2 class=\"GutAccordions-title __accordion-link\">\n                                    Under 5s and over 75s, a rate? \n                                <\/h2>\n                                                                                        <div class=\"GutAccordions-text Content __accordion-content\">\n                                    <p class=\"GutIntroduction\">Before the age of 5 and from the age of 75, ski passes are <strong>FREE<\/strong>! Your ski pass is free on presentation of proof of age.<\/p>\n\n                                <\/div>\n                                                    <\/div>\n                                    <\/div>\n                    <\/div>\n    <\/div>\n\n\n<div class=\"Iframe  GutContainer\">\n        <div class=\"GutTitle Center\">\n                            <h2 class=\"GutTitle-title\">PISTE MAP<\/h2>\n                    <\/div>\n        <iframe class=\"Iframe-content\" src=\"https:\/\/lumiplay.link\/interactive-map\/les-sybelles\/fr\" frameborder=\"0\"><\/iframe>\n    <\/div>\n\n\n<div class=\"GutPushArticles  GutContainer\">\n        <div class=\"GutPushArticles-container\">\n            <div class=\"GutTitle Left\">\n                            <h2 class=\"GutTitle-title\">See more<\/h2>\n                    <\/div>\n            <div class=\"GutPushArticles-inner \">\n                                    <div class=\"GutPushArticles-container \" >\n                        <div class=\"GutPushArticles-list \">\n                                                            <div class=\"GutPushArticles-wrap \">\n                                                                            <picture class=\"GutPushArticles-picture\">\n                                            <img decoding=\"async\" src=\"https:\/\/preprod.teaminfo.le-corbier.com\/content\/uploads\/2023\/05\/\u00a9CorbierTourisme_H22-23_Station-23-371x248.jpg\"\n                                                 alt=\"\u00a9CorbierTourisme_H22-23_Station (23)\" \/>\n                                        <\/picture>\n                                                                        <div class=\"GutPushArticles-content\">\n                                                                                                                                                                    <a class=\"Link\" href=\"https:\/\/preprod.teaminfo.le-corbier.com\/webcams\/\">Webcams<\/a>\n                                                                            <\/div>\n                                <\/div>\n                                                            <div class=\"GutPushArticles-wrap \">\n                                                                            <picture class=\"GutPushArticles-picture\">\n                                            <img decoding=\"async\" src=\"https:\/\/preprod.teaminfo.le-corbier.com\/content\/uploads\/2023\/06\/\u00a9CorbierTourisme_H2122_Damage-1-371x248.jpg\"\n                                                 alt=\"\u00a9CorbierTourisme_H2122_Damage (1)\" \/>\n                                        <\/picture>\n                                                                        <div class=\"GutPushArticles-content\">\n                                                                                                                                                                    <a class=\"Link\" href=\"https:\/\/preprod.teaminfo.le-corbier.com\/infos-pistes-et-enneigement\/\">Slope information<\/a>\n                                                                            <\/div>\n                                <\/div>\n                                                            <div class=\"GutPushArticles-wrap \">\n                                                                            <picture class=\"GutPushArticles-picture\">\n                                            <img decoding=\"async\" src=\"https:\/\/preprod.teaminfo.le-corbier.com\/content\/uploads\/2023\/06\/\u00a9CorbierTourisme_H2122_Station-1-371x248.jpg\"\n                                                 alt=\"\u00a9CorbierTourisme_H2122_Station (1)\" \/>\n                                        <\/picture>\n                                                                        <div class=\"GutPushArticles-content\">\n                                                                                                                                                                    <a class=\"Link\" href=\"https:\/\/preprod.teaminfo.le-corbier.com\/meteo\/\">Weather forecast<\/a>\n                                                                            <\/div>\n                                <\/div>\n                                                    <\/div>\n                                            <\/div>\n                                                <\/div>\n                    <\/div>\n    <\/div>\n\n\n<div class=\"GutText  GutContainer\">\n        <div class=\"GutText-inner\">\n                                                    <div class=\"GutText-wysiwyg Content\">\n                    <h6><span style=\"color: #008080;\"><em>Prices shown: adult packages with stand. Support: \u20ac1.50 extra per ski pass. More information and terms and conditions on Sybelles.ski<br \/>\nChildren aged 5 to 11 inclusive, juniors aged 12 to 17 inclusive, vermeil aged 65 to 74 inclusive. Additional day (max 14 days) at time of initial purchase.<br \/>\nSybelles Tribu &amp; Tribu: Packages with the same validity dates on presentation of proof of age. Only 1 payment accepted..<\/em><\/span><\/h6>\n\n                <\/div>\n                    <\/div>\n    <\/div>\n","protected":false},"excerpt":{"rendered":"","protected":false},"author":1,"featured_media":0,"parent":2717,"menu_order":0,"comment_status":"closed","ping_status":"closed","template":"","meta":{"_acf_changed":false,"footnotes":""},"class_list":["post-2735","page","type-page","status-publish","hentry"],"acf":[],"_links":{"self":[{"href":"https:\/\/preprod.teaminfo.le-corbier.com\/en\/wp-json\/wp\/v2\/pages\/2735","targetHints":{"allow":["GET"]}}],"collection":[{"href":"https:\/\/preprod.teaminfo.le-corbier.com\/en\/wp-json\/wp\/v2\/pages"}],"about":[{"href":"https:\/\/preprod.teaminfo.le-corbier.com\/en\/wp-json\/wp\/v2\/types\/page"}],"author":[{"embeddable":true,"href":"https:\/\/preprod.teaminfo.le-corbier.com\/en\/wp-json\/wp\/v2\/users\/1"}],"replies":[{"embeddable":true,"href":"https:\/\/preprod.teaminfo.le-corbier.com\/en\/wp-json\/wp\/v2\/comments?post=2735"}],"version-history":[{"count":31,"href":"https:\/\/preprod.teaminfo.le-corbier.com\/en\/wp-json\/wp\/v2\/pages\/2735\/revisions"}],"predecessor-version":[{"id":14886,"href":"https:\/\/preprod.teaminfo.le-corbier.com\/en\/wp-json\/wp\/v2\/pages\/2735\/revisions\/14886"}],"up":[{"embeddable":true,"href":"https:\/\/preprod.teaminfo.le-corbier.com\/en\/wp-json\/wp\/v2\/pages\/2717"}],"wp:attachment":[{"href":"https:\/\/preprod.teaminfo.le-corbier.com\/en\/wp-json\/wp\/v2\/media?parent=2735"}],"curies":[{"name":"wp","href":"https:\/\/api.w.org\/{rel}","templated":true}]}}