{"id":2425,"date":"2023-05-19T14:20:08","date_gmt":"2023-05-19T12:20:08","guid":{"rendered":"https:\/\/www.le-corbier.com\/?page_id=2425"},"modified":"2025-02-10T11:09:16","modified_gmt":"2025-02-10T10:09:16","slug":"adaptive-tourism","status":"publish","type":"page","link":"https:\/\/preprod.teaminfo.le-corbier.com\/en\/resort-guide\/adaptive-tourism\/","title":{"rendered":"Adaptive tourism"},"content":{"rendered":"<div class=\"GutText  GutContainer\">\n        <div class=\"GutText-inner\">\n            <div class=\"GutTitle Center\">\n                    <span class=\"GutTitle-surtitle\">Le Corbier, the 100% serene ski resort<\/span>\n                            <\/div>\n                            <div class=\"GutText-intro Center\">In Le Corbier, in Savoie, the satisfaction and serenity of everyone is at the heart of our priorities. This is why the Alps ski resort does everything in its power to offer the best possible service to people with disabilities. Adapted transport, equipped flats at our accommodation providers, handiski, central lift, etc. The teams at the Tourist Office have compiled all the practical information in a guide dedicated to welcoming people with disabilities. <\/div>\n                                <\/div>\n    <\/div>\n\n\n<div class=\"GutAccordions  GutContainer\">\n        <div class=\"GutAccordions-inner\">\n                                        <div class=\"GutAccordions-list\">\n                                            <div class=\"GutAccordions-item __accordion-parent\">\n                                                            <h2 class=\"GutAccordions-title __accordion-link\">\n                                    Transport and accessibility\n                                <\/h2>\n                                                                                        <div class=\"GutAccordions-text Content __accordion-content\">\n                                    <h5>HOW TO GET THERE<\/h5>\n<ul>\n<li><strong>Shuttle service Saint-Jean-de-Maurienne &#8211; Le Corbier<\/strong><\/li>\n<\/ul>\n<p>Regular service. Runs from 16 December 2023 to 13 April 2024. Must be booked 48 hours in advance. When booking, please inform the coach company of your disability so that an adapted vehicle can be made available. Regular route timetables and fares available at <a href=\"https:\/\/www.fauresavoie.fr\/\" target=\"_blank\" rel=\"noopener\">www.fauresavoie.fr<\/a> or <a href=\"https:\/\/www.cars-region-savoie.fr\/\" target=\"_blank\" rel=\"noopener\">www.cars-region-savoie.fr<\/a><\/p>\n<p>Book online and benefit from low fares.<\/p>\n<ul>\n<li><strong>Le Corbier internal shuttle &#8211; Navette rouge<\/strong><\/li>\n<\/ul>\n<p>Free shuttle service within the resort. Runs every day from 16 December 2023 to 12 April 2024. Timetable available from the Tourist Office or download here.<\/p>\n<p>A retractable pallet allowing access to the bus is unfolded by the driver. Each shuttle has two places reserved for wheelchairs. A companion is required as the height of the ground varies according to the depth of the snow.<\/p>\n<p>Follow the arrival of the bus live with the <a href=\"https:\/\/www.cars-region-savoie.fr\/\" target=\"_blank\" rel=\"noopener\">Zenbus<\/a> app!<\/p>\n<ul>\n<li><strong>Le Corbier &#8211; La Toussuire shuttle &#8211; Yellow shuttle<\/strong><\/li>\n<\/ul>\n<p>Free shuttle running between Le Corbier and La Toussuire. Runs every day from 16 December 2023 to 12 April 2024 except Saturdays. In Le Corbier, departure from the P5 car park next to the riding centre. Runs every 30 minutes. Timetable available from the Tourist Office or download <a href=\"https:\/\/preprod.teaminfo.le-corbier.com\/en\/resort-guide\/maps-and-guidebooks\/\">here<\/a>.<\/p>\n<p>A retractable pallet allowing access to the bus is unfolded by the driver. Each shuttle has a space reserved for wheelchairs. A companion is required as the height of the ground varies according to the depth of the snow.<\/p>\n<ul>\n<li><strong>Taxis &#8211; Ambulances ROUX<\/strong><\/li>\n<\/ul>\n<p>Roux taxis\/ambulances are based in Saint-Jean-de-Maurienne (15 km from Le Corbier). Ambulance type ASSU, equipped with ramps for electric wheelchairs. Trained staff.<\/p>\n<p>Rates on request. Available 7 days a week.<\/p>\n<p>Information and bookings by e-mail or telephone on +33 (0)4 79 83 01 92<\/p>\n<p>&nbsp;<\/p>\n<h5>PARKING<\/h5>\n<p>Parking is only available on the valley side.<br \/>\nThe GIG-GIC badge must be affixed to the windscreen.<\/p>\n<ul>\n<li><strong>Car park P1: Lunik &#8211; Orion &amp; residence Go\u00e9lia &#8211; Les Terrasses du Corbier<\/strong><br \/>\n2 reserved spaces and an access ramp in front of the building. GPS coordinates: 45.238211, 6.272303.<\/li>\n<li><strong>Car park P2: P\u00e9gase &#8211; Ph\u00e9nix<\/strong><br \/>\n2 reserved spaces in front of the &#8220;Etoile des Neiges&#8221; residence, and an access ramp. GPS coordinates: 45.238923, 6.271963.<br \/>\n2 reserved parking spaces in front of the second entrance next to the garages. GPS coordinates: 45.238934, 6.271167.<\/li>\n<li><strong>Car park P3: Soyuz &#8211; Vanguard<\/strong><br \/>\n2 reserved spaces but no access to the building. GPS coordinates: 45.238943, 6.271560.<\/li>\n<li><strong>Car park P4: Vostok &#8211; Zodiaque<\/strong><br \/>\n2 reserved spaces and an access ramp in front of the building. GPS coordinates: 45.239085, 6.270452.<\/li>\n<li><strong>Car park P5: Alta\u00efr &#8211; Agena &#8211; Apollo &#8211; Antar\u00e8s<\/strong><br \/>\n1 parking space reserved for people with disabilities. GPS coordinates: 45.239094, 6.269725.<\/li>\n<li><strong>Car park P6: Ba\u00efkonour &#8211; Ariane<\/strong><br \/>\n1 space to the right of the rubbish containers. GPS coordinates: 45.241692, 6.267302<br \/>\n1 space just in front of the entrance to the Ba\u00efkonour building. GPS coordinates: 45.241319, 6.267529.<\/li>\n<li><strong>Car park P6: Cosmos<\/strong><br \/>\n2 spaces reserved for people with disabilities. GPS coordinates: 45.241808, 6.266894<\/li>\n<\/ul>\n<p>&nbsp;<\/p>\n<h5>ACCESSIBILITY<\/h5>\n<p>A lift is located near the Salle Atlas, in car park P5. It is available to people with disabilities. It provides access to the covered gallery and the station centre.<\/p>\n\n                                <\/div>\n                                                    <\/div>\n                                            <div class=\"GutAccordions-item __accordion-parent\">\n                                                            <h2 class=\"GutAccordions-title __accordion-link\">\n                                    Accomodation\n                                <\/h2>\n                                                                                        <div class=\"GutAccordions-text Content __accordion-content\">\n                                    <h5>TOURIST RESIDENCES<\/h5>\n<ul>\n<li><strong>R\u00e9sidence Go\u00e9lia &#8211; Les Alpages du Corbier****<\/strong><\/li>\n<\/ul>\n<p>The residence has 10 flats equipped for people with reduced mobility:<br \/>\n&#8211; 9 x 2-room flats, for 4 people<br \/>\nA ramp provides easy access to the residence. The swimming pool has a staircase (pedicle).<br \/>\nLocated at the bottom of the resort &#8211; Car park P1<br \/>\nGPS coordinates: 45.238333, 6.272157<\/p>\n<ul>\n<li><strong>R\u00e9sidence Go\u00e9lia &#8211; Les Terrasses du Corbier**** (Residence Go\u00e9lia &#8211; Les Terrasses du Corbier***)<\/strong><\/li>\n<\/ul>\n<p>The residence has 6 studios for 4 people, equipped for people with reduced mobility:<br \/>\nBunk beds in the alcove and trundle beds in the living room<br \/>\nBathrooms with grab rails next to the bath and adapted WCs<br \/>\nSpacious living rooms to facilitate wheelchair access<br \/>\nStudios accessible by lift from floors 4 to 9<br \/>\nLowered reception desk. Accessible swimming pool and sauna.<br \/>\n4 reserved parking spaces.<br \/>\nGPS coordinates: 45.238990783691406, 6.269679546356201<\/p>\n<p>Reservations centre: +33 (0)1 60 76 59 00<br \/>\n<a href=\"https:\/\/www.goelia.com\/en\/\" target=\"_blank\" rel=\"noopener\">www.goelia.com<\/a> | info.le-corbier@goelia.com<\/p>\n<ul>\n<li><strong>MMV L&#8217;\u00c9toile des Sybelles residence****<\/strong><\/li>\n<\/ul>\n<p>The residence has 2 fully-equipped flats for 6 people, with 2 bedrooms.<br \/>\nThe flats are spacious to facilitate wheelchair access.<br \/>\nThey have fully-equipped bathrooms (wheelchair access, shower chair, recess under washbasin, walk-in shower and support bar in WC).<br \/>\n2 parking spaces have been reserved to facilitate access to the residence, which is via the car park. There is a lift.<br \/>\nA bank reception is lowered reception.<br \/>\nThe pool is equipped with a seat PMR. The relaxation area, with its sauna and steam room, is also accessible to people with reduced mobility.<br \/>\nGPS coordinates: 45.242008, 6.266403<\/p>\n<p>Booking centre: +33 (0)4 92 12 65 30 \/ +33 (0)4 79 05 58 00<br \/>\n<a href=\"https:\/\/www.mmv-holidays.co.uk\/en\" target=\"_blank\" rel=\"noopener\">www.mmv.fr<\/a> | centralederesa@mmv.fr<\/p>\n<p>&nbsp;<\/p>\n<h5>ESTATE AGENCIES<\/h5>\n<p><a href=\"https:\/\/preprod.teaminfo.le-corbier.com\/en\/commerce-et-service\/mountain-collection-le-corbier-le-corbier\/\">Mountain Collection Le Corbier<\/a> (formerly Corbier Immobilier) is located in the Atlas building, car park P5.<br \/>\nIt offers a flat equipped for people with reduced mobility.<br \/>\nThe flat is on the 12th floor of the Ba\u00efkonour building, car park P6.<br \/>\nIt has a support bar next to the bath and WC.<\/p>\n<p>Mountain Collection Le Corbier<br \/>\n+33 (0)4 79 83 00 87<br \/>\n<a href=\"https:\/\/www.lecorbier-immobilier.com\/en\" target=\"_blank\" rel=\"noopener\">Website<\/a> | info@lecorbier.immo<\/p>\n\n                                <\/div>\n                                                    <\/div>\n                                            <div class=\"GutAccordions-item __accordion-parent\">\n                                                            <h2 class=\"GutAccordions-title __accordion-link\">\n                                    Eating out\n                                <\/h2>\n                                                                                        <div class=\"GutAccordions-text Content __accordion-content\">\n                                    <h5>ACCESSIBLE RESTAURANTS<\/h5>\n<ul>\n<li><a href=\"https:\/\/preprod.teaminfo.le-corbier.com\/en\/restauration\/les-roches-blanches-le-corbier\/\"><strong>Les Roches Blanches restaurant<\/strong><\/a><\/li>\n<\/ul>\n<p>Traditional restaurant, brasserie, pizzeria, bar. The restaurant is located in the Galaxie building.<br \/>\nIt is accessible via the lift in the Atlas room, located in car park P5. Turn left into the shopping mall.<br \/>\nThe toilets are accessible and adapted for people with reduced mobility.<\/p>\n<p>Tel. +33 (0)4 79 56 75 14<\/p>\n<ul>\n<li><a href=\"https:\/\/preprod.teaminfo.le-corbier.com\/en\/restauration\/le-saint-moritz-le-corbier\/\"><strong>Le Saint Moritz<\/strong><\/a><\/li>\n<\/ul>\n<p>Traditional restaurant and bar. The restaurant is located in the V\u00e9ga building.<br \/>\nIt is accessible via car park P4, at the entrance to the Vostok &#8211; Zodiaque building. As you enter the gallery, turn left.<br \/>\nThe toilets are accessible as they are located on the ground floor, but are not adapted for wheelchair users.<\/p>\n<p>Tel. +33 (0)4 79 83 01 99<\/p>\n<p>&nbsp;<\/p>\n<h5>ACCESS TO RESTAURANTS<\/h5>\n<table class=\"tftable\" border=\"1\">\n<tbody>\n<tr>\n<th>\n<h6><\/h6>\n<h6>Restaurants in the resort<\/h6>\n<\/th>\n<th>\n<h6><\/h6>\n<h6>Access via terraces<\/h6>\n<\/th>\n<th>\n<h6><\/h6>\n<h6>Suitable for PRM<\/h6>\n<\/th>\n<\/tr>\n<tr>\n<td><a href=\"https:\/\/preprod.teaminfo.le-corbier.com\/en\/restauration\/la-bouille-le-corbier\/\">La Bouille<\/a> &#8211; <em>B\u00e2timent C\u00e9r\u00e8s<\/em><\/td>\n<td style=\"text-align: center;\">\n<h6>x<\/h6>\n<\/td>\n<td style=\"text-align: center;\">\n<h6>\u2713<\/h6>\n<\/td>\n<\/tr>\n<tr>\n<td>Le Plan B &#8211; <em>B\u00e2timent Cosmos<\/em><\/td>\n<td style=\"text-align: center;\">\n<h6>x<\/h6>\n<\/td>\n<td>\n<h6 style=\"text-align: center;\">x<\/h6>\n<\/td>\n<\/tr>\n<tr>\n<td><a href=\"https:\/\/preprod.teaminfo.le-corbier.com\/en\/restauration\/le-yeti-le-corbier\/\">Le Y\u00e9ti<\/a> &#8211; <em>B\u00e2timent Atlas<\/em><\/td>\n<td style=\"text-align: center;\">\n<h6>\u2713<\/h6>\n<\/td>\n<td>\n<h6 style=\"text-align: center;\">x<\/h6>\n<\/td>\n<\/tr>\n<tr>\n<td><a href=\"https:\/\/preprod.teaminfo.le-corbier.com\/en\/restauration\/la-picoraille-le-corbier\/\">La Picoraille<\/a> &#8211; <em>Galerie Apollo<\/em><\/td>\n<td>\n<h6 style=\"text-align: center;\">\u2713<\/h6>\n<\/td>\n<td>\n<h6 style=\"text-align: center;\">x<\/h6>\n<\/td>\n<\/tr>\n<tr>\n<td><a href=\"https:\/\/preprod.teaminfo.le-corbier.com\/en\/restauration\/pico-snack-le-corbier\/\">Le Pico Snack<\/a> &#8211; <em>Galerie Apollo<\/em><\/td>\n<td>\n<h6 style=\"text-align: center;\">\u2713<\/h6>\n<\/td>\n<td>\n<h6 style=\"text-align: center;\">x<\/h6>\n<\/td>\n<\/tr>\n<tr>\n<td><a href=\"https:\/\/preprod.teaminfo.le-corbier.com\/en\/restauration\/les-roches-blanches-le-corbier\/\">Les Roches Blanches<\/a> &#8211; <em>B\u00e2timent Galaxie\u00a0<\/em><\/td>\n<td>\n<h6 style=\"text-align: center;\">\u2713<\/h6>\n<\/td>\n<td>\n<h6 style=\"text-align: center;\">\u2713<\/h6>\n<\/td>\n<\/tr>\n<tr>\n<td><a href=\"https:\/\/preprod.teaminfo.le-corbier.com\/restauration\/la-fontaine-de-lours-le-corbier\/\">La Fontaine de l&#8217;Ours<\/a> &#8211; <em>Galerie Charvin<\/em><\/td>\n<td>\n<h6 style=\"text-align: center;\">\u2713<\/h6>\n<\/td>\n<td>\n<h6 style=\"text-align: center;\">x<\/h6>\n<\/td>\n<\/tr>\n<tr>\n<td><a href=\"https:\/\/preprod.teaminfo.le-corbier.com\/en\/restauration\/le-wagon-bar-le-corbier\/\">Le Wagon Bar<\/a> &#8211; <em>Galerie Charvin<\/em><\/td>\n<td>\n<h6 style=\"text-align: center;\">x<\/h6>\n<\/td>\n<td>\n<h6 style=\"text-align: center;\">x<\/h6>\n<\/td>\n<\/tr>\n<tr>\n<td><a href=\"https:\/\/preprod.teaminfo.le-corbier.com\/en\/restauration\/igloo-glou-le-corbier\/\">L&#8217;Igloo-Glou<\/a> &#8211; <em>Galerie Charvin<\/em><\/td>\n<td>\n<h6 style=\"text-align: center;\">x<\/h6>\n<\/td>\n<td>\n<h6 style=\"text-align: center;\">x<\/h6>\n<\/td>\n<\/tr>\n<tr>\n<td><a href=\"https:\/\/preprod.teaminfo.le-corbier.com\/en\/restauration\/le-saint-moritz-le-corbier\/\">Le Saint Moritz<\/a> &#8211; <em>B\u00e2timent V\u00e9ga<\/em><\/td>\n<td>\n<h6 style=\"text-align: center;\">\u2713<\/h6>\n<\/td>\n<td>\n<h6 style=\"text-align: center;\">x<\/h6>\n<\/td>\n<\/tr>\n<tr>\n<td>Le 1550 &#8211; <em>B\u00e2timent V\u00e9ga<\/em><\/td>\n<td>\n<h6 style=\"text-align: center;\">\u2713<\/h6>\n<\/td>\n<td>\n<h6 style=\"text-align: center;\">x<\/h6>\n<\/td>\n<\/tr>\n<\/tbody>\n<\/table>\n<table class=\"tftable\" style=\"height: 303px;\" border=\"1\" width=\"739\">\n<tbody>\n<tr>\n<th>\n<h6>MOUNTAIN RESTAURANTS<\/h6>\n<\/th>\n<th>\n<h6>Access by chairlift<\/h6>\n<\/th>\n<th>\n<h6>Suitable for PRM<\/h6>\n<\/th>\n<\/tr>\n<tr>\n<td><a href=\"https:\/\/preprod.teaminfo.le-corbier.com\/en\/restauration\/le-chalet-2000-le-corbier\/\">Le Chalet 2000<\/a> \u2013 Accessible by chairlift <em>Sybelles Express<\/em><\/td>\n<td style=\"text-align: center;\">\n<h6>Handiskiing<\/h6>\n<\/td>\n<td>\n<h6 style=\"text-align: center;\">x<\/h6>\n<\/td>\n<\/tr>\n<tr>\n<td><a href=\"https:\/\/preprod.teaminfo.le-corbier.com\/en\/restauration\/le-coq-de-bruyere-le-corbier\/\">Le Coq de Bruy\u00e8re<\/a> \u2013 Accessible by chairlift <em>Voie Lact\u00e9e <\/em><\/td>\n<td>\n<h6 style=\"text-align: center;\">Handiskiing<\/h6>\n<\/td>\n<td>\n<h6 style=\"text-align: center;\">x<\/h6>\n<\/td>\n<\/tr>\n<tr>\n<td><a href=\"https:\/\/preprod.teaminfo.le-corbier.com\/en\/restauration\/buddha-ski-le-corbier\/\">Le Buddha Ski<\/a> \u2013 Located at the bottom of the chairlift <em>Mont Corbier<\/em><\/td>\n<td>\n<h6 style=\"text-align: center;\">Handiskiing<\/h6>\n<\/td>\n<td>\n<h6 style=\"text-align: center;\">x<\/h6>\n<\/td>\n<\/tr>\n<\/tbody>\n<\/table>\n\n                                <\/div>\n                                                    <\/div>\n                                            <div class=\"GutAccordions-item __accordion-parent\">\n                                                            <h2 class=\"GutAccordions-title __accordion-link\">\n                                    Activities\n                                <\/h2>\n                                                                                        <div class=\"GutAccordions-text Content __accordion-content\">\n                                    <h5>SKI<\/h5>\n<ul>\n<li><strong>Ski lifts<\/strong><\/li>\n<\/ul>\n<p>The ski area is open every day from 16 December 2023 to 12 April 2024. Exceptional closures subject to snow conditions and government decisions.<\/p>\n<p>For disabled people, a 50% discount will be applied to 4 consecutive hours, 1 day, 5 days, 6 days and 7 days ski passes on presentation of a Mobility Inclusion Card (CMI) with the mention disability. For people with disabilities requiring an accompanying person, a 50% discount on the same pass will also be granted.<\/p>\n<p>Download the <a href=\"https:\/\/www.sybelles.ski\/\" target=\"_blank\" rel=\"noopener\">Sybelles.ski<\/a> mobile application and find your way around the slopes!<\/p>\n<p>Soci\u00e9t\u00e9 des remont\u00e9es m\u00e9caniques du Corbier &#8211; SATVAC<br \/>\nGalaxie Building<br \/>\n+33 (0)4 79 83 02 55<br \/>\nwww.sybelles.ski | satvac@sybelles.com<\/p>\n<ul>\n<li><strong>ESF &#8211; French Ski School<\/strong><\/li>\n<\/ul>\n<p>Specialist instructors are on hand to help people with reduced mobility discover the joys of skiing using specially adapted equipment! Kart-skiing (or dual-skiing) offers accessibility and independence.<br \/>\nPrices: from \u20ac45 depending on the season.<\/p>\n<p>Book using the booking form and the &#8220;skier with reduced mobility&#8221; form, sent by post or e-mail with payment.<\/p>\n<p><strong>\u00c9cole du Ski Fran\u00e7ais &#8211; ESF<\/strong><br \/>\nGalaxie Building<br \/>\n+33 (0)4 79 56 75 85<br \/>\n<a href=\"https:\/\/www.ski-school-lecorbier.co.uk\/private-lessons\/glide-for-everyone\/\" target=\"_blank\" rel=\"noopener\">Website<\/a> | contact.esflecorbier@gmail.com<\/p>\n<p>&nbsp;<\/p>\n<h5>WELLNESS<\/h5>\n<ul>\n<li><a href=\"https:\/\/preprod.teaminfo.le-corbier.com\/en\/equipement\/cinema-ariane-le-corbier\/\"><strong>Ariane cinema<\/strong><\/a><\/li>\n<\/ul>\n<p>The cinema is located in the Ariane building.<br \/>\nA few steps lead up to the cinema, so an accompanying person is required. The cinema programme is detailed in the galleries, at the Tourist Office or online.<\/p>\n<p>Ariane Building<br \/>\n+33 (0)4 79 20 39 08 \/ +33 (0)04 79 83 04 04<br \/>\ncinema.ariane.lecorbier@gmail.com<\/p>\n<ul>\n<li><a href=\"https:\/\/preprod.teaminfo.le-corbier.com\/en\/equipement\/heated-outdoor-swimmingpool-le-corbier\/\"><strong>Heated outdoor swimming pool<\/strong><\/a><\/li>\n<\/ul>\n<p>On the slope side, access to the establishment is via the shopping arcade, which is made up of several steps. On the valley side, access is via car park P5.<br \/>\nThere is a staircase with 5 steps to access the facility. This requires the assistance of a carer. The pool is equipped with a lift to make it easier for disabled people to get into the water.<\/p>\n<p>Corbier swimming pool<br \/>\n+33 (0)4 79 83 04 70<br \/>\npiscine.lecorbier@mairie-villarembert.fr<\/p>\n<ul>\n<li><a href=\"https:\/\/preprod.teaminfo.le-corbier.com\/en\/commerce-et-service\/akahuna-massage-naturopathie-le-corbier\/\"><strong>A&#8217;Kahuna Massages<\/strong><\/a><\/li>\n<\/ul>\n<p>Treat yourself to a moment of relaxation! A naturopathic practitioner offers a range of massage and support techniques to help you take charge of your well-being.<br \/>\nAccess to the practice is from the valley side, via car park P5, by the transparent pyramid. Turn left into the gallery. Opposite the Coop\u00e9rative.<\/p>\n<p>A&#8217;kahuna massages<br \/>\nTel. +33 (0)7 86 37 87 39<br \/>\n<a href=\"https:\/\/frederic-blanchet.fr\" target=\"_blank\" rel=\"noopener\">Website<\/a> | info@frederic-blanchet.fr<\/p>\n<ul>\n<li><strong>Fitness and weights room<\/strong><\/li>\n<\/ul>\n<p>Come and enjoy the weight room equipped with Panatta machines.<br \/>\nInformation and tickets available from the pool reception.<\/p>\n<p>Piscine du Corbier &#8211; Galerie Charvin<br \/>\n+33 (0)4 79 83 04 70<br \/>\npiscine.lecorbier@mairie-villarembert.fr<\/p>\n<p>&nbsp;<\/p>\n<h5>SPORTS ACTIVITIES<\/h5>\n<ul>\n<li><a href=\"https:\/\/preprod.teaminfo.le-corbier.com\/en\/activite\/snowmobile-rides-le-corbier\/\"><strong>Snowmobile<\/strong><\/a><\/li>\n<\/ul>\n<p>Discover the resort on a snow scooter. Every day from 16 December 2023 to 12 April 2024, from 5.30pm (depending on snow conditions).<br \/>\nYou can drive or ride as a passenger, depending on your disability.<br \/>\nVisit the Clin d&#8217;\u0152il shop to see if the project is feasible. Driving licence required.<\/p>\n<p>Clin d&#8217;\u0152il shop<br \/>\nApollo Building<br \/>\n+33 (0)6 61 28 86 31<br \/>\ndeleglise.benjamin@neuf.fr<\/p>\n<ul>\n<li><strong>Paragliding<\/strong><\/li>\n<\/ul>\n<p>Paragliding is available for people who can ski. Available every day, subject to weather conditions.<\/p>\n<p>Didier Trochet<br \/>\nTel: +33 (0)6 95 35 84 57 (Lucie)<br \/>\ndidier.trochet@neuf.fr<br \/>\nAeroslide<br \/>\nTel: +33 (0)6 95 35 84 57 (Lucie)<br \/>\ncontact@aeroslide.com | Website<\/p>\n<ul>\n<li><a href=\"https:\/\/preprod.teaminfo.le-corbier.com\/en\/activite\/dog-sledging-le-corbier\/\"><strong>Dog sled rides<\/strong><\/a><\/li>\n<\/ul>\n<p>Tours depart from La Toussuire. Accessible to all, including PRM. Accompanying person required. Mandatory booking.<\/p>\n<p>White Forest<br \/>\n+33 (0)6 82 75 99 26<br \/>\nwww.whiteforest.be info@whiteforest.be<\/p>\n\n                                <\/div>\n                                                    <\/div>\n                                    <\/div>\n                    <\/div>\n    <\/div>\n","protected":false},"excerpt":{"rendered":"","protected":false},"author":2,"featured_media":0,"parent":2249,"menu_order":0,"comment_status":"closed","ping_status":"closed","template":"","meta":{"_acf_changed":false,"footnotes":""},"class_list":["post-2425","page","type-page","status-publish","hentry"],"acf":[],"_links":{"self":[{"href":"https:\/\/preprod.teaminfo.le-corbier.com\/en\/wp-json\/wp\/v2\/pages\/2425","targetHints":{"allow":["GET"]}}],"collection":[{"href":"https:\/\/preprod.teaminfo.le-corbier.com\/en\/wp-json\/wp\/v2\/pages"}],"about":[{"href":"https:\/\/preprod.teaminfo.le-corbier.com\/en\/wp-json\/wp\/v2\/types\/page"}],"author":[{"embeddable":true,"href":"https:\/\/preprod.teaminfo.le-corbier.com\/en\/wp-json\/wp\/v2\/users\/2"}],"replies":[{"embeddable":true,"href":"https:\/\/preprod.teaminfo.le-corbier.com\/en\/wp-json\/wp\/v2\/comments?post=2425"}],"version-history":[{"count":12,"href":"https:\/\/preprod.teaminfo.le-corbier.com\/en\/wp-json\/wp\/v2\/pages\/2425\/revisions"}],"predecessor-version":[{"id":9835,"href":"https:\/\/preprod.teaminfo.le-corbier.com\/en\/wp-json\/wp\/v2\/pages\/2425\/revisions\/9835"}],"up":[{"embeddable":true,"href":"https:\/\/preprod.teaminfo.le-corbier.com\/en\/wp-json\/wp\/v2\/pages\/2249"}],"wp:attachment":[{"href":"https:\/\/preprod.teaminfo.le-corbier.com\/en\/wp-json\/wp\/v2\/media?parent=2425"}],"curies":[{"name":"wp","href":"https:\/\/api.w.org\/{rel}","templated":true}]}}